{"id":1281,"date":"2016-05-19T12:24:04","date_gmt":"2016-05-19T09:24:04","guid":{"rendered":"http:\/\/demo.goodlayers.com\/infinite\/homepages\/finance\/?page_id=1281"},"modified":"2022-01-30T12:22:21","modified_gmt":"2022-01-30T09:22:21","slug":"iletisim","status":"publish","type":"page","link":"https:\/\/ankaranakliyeambar.com\/?page_id=1281","title":{"rendered":"\u0130leti\u015fim"},"content":{"rendered":"\n<h5 class=\"wp-block-heading\" id=\"adres\">Adres<\/h5>\n\n\n\n<p><strong>\u0130stanbul-Zeytinburnu Veliefendi mah 75\/6 sk no 65<\/strong><\/p>\n\n\n\n<p><strong> Ankara 1. organize sanayi b\u00f6lgesi Sincan<\/strong><\/p>\n\n\n\n<p><strong><em>GSM<\/em><\/strong><\/p>\n\n\n\n\n\n<p><a href=\"tel:+902165406235\">+90 535 256 6053<\/a><br>+90 535 398 9468<\/p>\n\n\n\n<h5 class=\"wp-block-heading\" id=\"e-mail\"><strong><em>E-MA\u0130L<\/em><\/strong><\/h5>\n\n\n\n<p><a href=\"mailto:info@ybnakliyat.com\">gazi34gc@gmail..com<\/a><\/p>\n\n\n\n<div class=\"wp-block-group\"><div class=\"wp-block-group__inner-container is-layout-flow wp-block-group-is-layout-flow\">\n<div class=\"wp-block-columns is-layout-flex wp-container-core-columns-is-layout-9d6595d7 wp-block-columns-is-layout-flex\">\n<div class=\"wp-block-column is-layout-flow wp-block-column-is-layout-flow\" style=\"flex-basis:100%\">\n<div class=\"wp-block-columns is-layout-flex wp-container-core-columns-is-layout-9d6595d7 wp-block-columns-is-layout-flex\">\n<div class=\"wp-block-column is-layout-flow wp-block-column-is-layout-flow\" style=\"flex-basis:100%\">\n<div class=\"wp-block-columns is-layout-flex wp-container-core-columns-is-layout-9d6595d7 wp-block-columns-is-layout-flex\">\n<div class=\"wp-block-column is-layout-flow wp-block-column-is-layout-flow\" style=\"flex-basis:100%\"><div class=\"is-style-default wp-block-site-logo\"><a href=\"https:\/\/ankaranakliyeambar.com\/\" class=\"custom-logo-link\" rel=\"home\"><img loading=\"lazy\" decoding=\"async\" width=\"704\" height=\"139\" src=\"https:\/\/ankaranakliyeambar.com\/wp-content\/uploads\/2022\/01\/cropped-a1b92b0b-fec8-42d3-9080-48b586dbb340.jpg\" class=\"custom-logo\" alt=\"Ankara Nakliye Ambar\u0131\" srcset=\"https:\/\/ankaranakliyeambar.com\/wp-content\/uploads\/2022\/01\/cropped-a1b92b0b-fec8-42d3-9080-48b586dbb340.jpg 1599w, https:\/\/ankaranakliyeambar.com\/wp-content\/uploads\/2022\/01\/cropped-a1b92b0b-fec8-42d3-9080-48b586dbb340-300x59.jpg 300w, https:\/\/ankaranakliyeambar.com\/wp-content\/uploads\/2022\/01\/cropped-a1b92b0b-fec8-42d3-9080-48b586dbb340-1024x203.jpg 1024w, https:\/\/ankaranakliyeambar.com\/wp-content\/uploads\/2022\/01\/cropped-a1b92b0b-fec8-42d3-9080-48b586dbb340-768x152.jpg 768w, https:\/\/ankaranakliyeambar.com\/wp-content\/uploads\/2022\/01\/cropped-a1b92b0b-fec8-42d3-9080-48b586dbb340-1536x305.jpg 1536w\" sizes=\"auto, (max-width: 704px) 100vw, 704px\" \/><\/a><\/div><\/div>\n<\/div>\n<\/div>\n<\/div>\n<\/div>\n<\/div>\n<\/div><\/div>\n","protected":false},"excerpt":{"rendered":"<p>Adres \u0130stanbul-Zeytinburnu Veliefendi mah 75\/6 sk no 65 Ankara 1. organize sanayi b\u00f6lgesi Sincan GSM +90 535 256 6053+90 535 398 9468 E-MA\u0130L gazi34gc@gmail..com<\/p>\n","protected":false},"author":1,"featured_media":0,"parent":0,"menu_order":0,"comment_status":"open","ping_status":"closed","template":"","meta":{"_joinchat":[],"footnotes":""},"class_list":["post-1281","page","type-page","status-publish","hentry"],"yoast_head":"<!-- This site is optimized with the Yoast SEO plugin v24.9 - https:\/\/yoast.com\/wordpress\/plugins\/seo\/ -->\n<title>\u0130leti\u015fim - Ankara Nakliye Ambar\u0131<\/title>\n<meta name=\"description\" content=\"Ankara Nakliye Ambar Ankara Ambar\u0131\" \/>\n<meta name=\"robots\" content=\"index, follow, max-snippet:-1, max-image-preview:large, max-video-preview:-1\" \/>\n<link rel=\"canonical\" href=\"https:\/\/ankaranakliyeambar.com\/?page_id=1281\" \/>\n<meta property=\"og:locale\" content=\"tr_TR\" \/>\n<meta property=\"og:type\" content=\"article\" \/>\n<meta property=\"og:title\" content=\"\u0130leti\u015fim - Ankara Nakliye Ambar\u0131\" \/>\n<meta property=\"og:description\" content=\"Ankara Nakliye Ambar Ankara Ambar\u0131\" \/>\n<meta property=\"og:url\" content=\"https:\/\/ankaranakliyeambar.com\/?page_id=1281\" \/>\n<meta property=\"og:site_name\" content=\"Ankara Nakliye Ambar\u0131\" \/>\n<meta property=\"article:modified_time\" content=\"2022-01-30T09:22:21+00:00\" \/>\n<meta name=\"twitter:card\" content=\"summary_large_image\" \/>\n<meta name=\"twitter:label1\" content=\"Tahmini okuma s\u00fcresi\" \/>\n\t<meta name=\"twitter:data1\" content=\"1 dakika\" \/>\n<script type=\"application\/ld+json\" class=\"yoast-schema-graph\">{\"@context\":\"https:\/\/schema.org\",\"@graph\":[{\"@type\":\"WebPage\",\"@id\":\"https:\/\/ankaranakliyeambar.com\/?page_id=1281\",\"url\":\"https:\/\/ankaranakliyeambar.com\/?page_id=1281\",\"name\":\"\u0130leti\u015fim - Ankara Nakliye Ambar\u0131\",\"isPartOf\":{\"@id\":\"https:\/\/ankaranakliyeambar.com\/#website\"},\"datePublished\":\"2016-05-19T09:24:04+00:00\",\"dateModified\":\"2022-01-30T09:22:21+00:00\",\"description\":\"Ankara Nakliye Ambar Ankara Ambar\u0131\",\"breadcrumb\":{\"@id\":\"https:\/\/ankaranakliyeambar.com\/?page_id=1281#breadcrumb\"},\"inLanguage\":\"tr\",\"potentialAction\":[{\"@type\":\"ReadAction\",\"target\":[\"https:\/\/ankaranakliyeambar.com\/?page_id=1281\"]}]},{\"@type\":\"BreadcrumbList\",\"@id\":\"https:\/\/ankaranakliyeambar.com\/?page_id=1281#breadcrumb\",\"itemListElement\":[{\"@type\":\"ListItem\",\"position\":1,\"name\":\"Ana sayfa\",\"item\":\"https:\/\/ankaranakliyeambar.com\/\"},{\"@type\":\"ListItem\",\"position\":2,\"name\":\"\u0130leti\u015fim\"}]},{\"@type\":\"WebSite\",\"@id\":\"https:\/\/ankaranakliyeambar.com\/#website\",\"url\":\"https:\/\/ankaranakliyeambar.com\/\",\"name\":\"Ankara Nakliye Ambar\u0131\",\"description\":\"\u015eehirler Aras\u0131 Ambar ve Nakliye Hizmeti\",\"publisher\":{\"@id\":\"https:\/\/ankaranakliyeambar.com\/#organization\"},\"potentialAction\":[{\"@type\":\"SearchAction\",\"target\":{\"@type\":\"EntryPoint\",\"urlTemplate\":\"https:\/\/ankaranakliyeambar.com\/?s={search_term_string}\"},\"query-input\":{\"@type\":\"PropertyValueSpecification\",\"valueRequired\":true,\"valueName\":\"search_term_string\"}}],\"inLanguage\":\"tr\"},{\"@type\":\"Organization\",\"@id\":\"https:\/\/ankaranakliyeambar.com\/#organization\",\"name\":\"Ankara Nakliye Ambar\u0131\",\"url\":\"https:\/\/ankaranakliyeambar.com\/\",\"logo\":{\"@type\":\"ImageObject\",\"inLanguage\":\"tr\",\"@id\":\"https:\/\/ankaranakliyeambar.com\/#\/schema\/logo\/image\/\",\"url\":\"https:\/\/ankaranakliyeambar.com\/wp-content\/uploads\/2022\/01\/cropped-a1b92b0b-fec8-42d3-9080-48b586dbb340.jpg\",\"contentUrl\":\"https:\/\/ankaranakliyeambar.com\/wp-content\/uploads\/2022\/01\/cropped-a1b92b0b-fec8-42d3-9080-48b586dbb340.jpg\",\"width\":1599,\"height\":317,\"caption\":\"Ankara Nakliye Ambar\u0131\"},\"image\":{\"@id\":\"https:\/\/ankaranakliyeambar.com\/#\/schema\/logo\/image\/\"}}]}<\/script>\n<!-- \/ Yoast SEO plugin. -->","yoast_head_json":{"title":"\u0130leti\u015fim - Ankara Nakliye Ambar\u0131","description":"Ankara Nakliye Ambar Ankara Ambar\u0131","robots":{"index":"index","follow":"follow","max-snippet":"max-snippet:-1","max-image-preview":"max-image-preview:large","max-video-preview":"max-video-preview:-1"},"canonical":"https:\/\/ankaranakliyeambar.com\/?page_id=1281","og_locale":"tr_TR","og_type":"article","og_title":"\u0130leti\u015fim - Ankara Nakliye Ambar\u0131","og_description":"Ankara Nakliye Ambar Ankara Ambar\u0131","og_url":"https:\/\/ankaranakliyeambar.com\/?page_id=1281","og_site_name":"Ankara Nakliye Ambar\u0131","article_modified_time":"2022-01-30T09:22:21+00:00","twitter_card":"summary_large_image","twitter_misc":{"Tahmini okuma s\u00fcresi":"1 dakika"},"schema":{"@context":"https:\/\/schema.org","@graph":[{"@type":"WebPage","@id":"https:\/\/ankaranakliyeambar.com\/?page_id=1281","url":"https:\/\/ankaranakliyeambar.com\/?page_id=1281","name":"\u0130leti\u015fim - Ankara Nakliye Ambar\u0131","isPartOf":{"@id":"https:\/\/ankaranakliyeambar.com\/#website"},"datePublished":"2016-05-19T09:24:04+00:00","dateModified":"2022-01-30T09:22:21+00:00","description":"Ankara Nakliye Ambar Ankara Ambar\u0131","breadcrumb":{"@id":"https:\/\/ankaranakliyeambar.com\/?page_id=1281#breadcrumb"},"inLanguage":"tr","potentialAction":[{"@type":"ReadAction","target":["https:\/\/ankaranakliyeambar.com\/?page_id=1281"]}]},{"@type":"BreadcrumbList","@id":"https:\/\/ankaranakliyeambar.com\/?page_id=1281#breadcrumb","itemListElement":[{"@type":"ListItem","position":1,"name":"Ana sayfa","item":"https:\/\/ankaranakliyeambar.com\/"},{"@type":"ListItem","position":2,"name":"\u0130leti\u015fim"}]},{"@type":"WebSite","@id":"https:\/\/ankaranakliyeambar.com\/#website","url":"https:\/\/ankaranakliyeambar.com\/","name":"Ankara Nakliye Ambar\u0131","description":"\u015eehirler Aras\u0131 Ambar ve Nakliye Hizmeti","publisher":{"@id":"https:\/\/ankaranakliyeambar.com\/#organization"},"potentialAction":[{"@type":"SearchAction","target":{"@type":"EntryPoint","urlTemplate":"https:\/\/ankaranakliyeambar.com\/?s={search_term_string}"},"query-input":{"@type":"PropertyValueSpecification","valueRequired":true,"valueName":"search_term_string"}}],"inLanguage":"tr"},{"@type":"Organization","@id":"https:\/\/ankaranakliyeambar.com\/#organization","name":"Ankara Nakliye Ambar\u0131","url":"https:\/\/ankaranakliyeambar.com\/","logo":{"@type":"ImageObject","inLanguage":"tr","@id":"https:\/\/ankaranakliyeambar.com\/#\/schema\/logo\/image\/","url":"https:\/\/ankaranakliyeambar.com\/wp-content\/uploads\/2022\/01\/cropped-a1b92b0b-fec8-42d3-9080-48b586dbb340.jpg","contentUrl":"https:\/\/ankaranakliyeambar.com\/wp-content\/uploads\/2022\/01\/cropped-a1b92b0b-fec8-42d3-9080-48b586dbb340.jpg","width":1599,"height":317,"caption":"Ankara Nakliye Ambar\u0131"},"image":{"@id":"https:\/\/ankaranakliyeambar.com\/#\/schema\/logo\/image\/"}}]}},"_links":{"self":[{"href":"https:\/\/ankaranakliyeambar.com\/index.php?rest_route=\/wp\/v2\/pages\/1281","targetHints":{"allow":["GET"]}}],"collection":[{"href":"https:\/\/ankaranakliyeambar.com\/index.php?rest_route=\/wp\/v2\/pages"}],"about":[{"href":"https:\/\/ankaranakliyeambar.com\/index.php?rest_route=\/wp\/v2\/types\/page"}],"author":[{"embeddable":true,"href":"https:\/\/ankaranakliyeambar.com\/index.php?rest_route=\/wp\/v2\/users\/1"}],"replies":[{"embeddable":true,"href":"https:\/\/ankaranakliyeambar.com\/index.php?rest_route=%2Fwp%2Fv2%2Fcomments&post=1281"}],"version-history":[{"count":5,"href":"https:\/\/ankaranakliyeambar.com\/index.php?rest_route=\/wp\/v2\/pages\/1281\/revisions"}],"predecessor-version":[{"id":3268,"href":"https:\/\/ankaranakliyeambar.com\/index.php?rest_route=\/wp\/v2\/pages\/1281\/revisions\/3268"}],"wp:attachment":[{"href":"https:\/\/ankaranakliyeambar.com\/index.php?rest_route=%2Fwp%2Fv2%2Fmedia&parent=1281"}],"curies":[{"name":"wp","href":"https:\/\/api.w.org\/{rel}","templated":true}]}}