{"id":3151,"date":"2022-01-21T21:43:15","date_gmt":"2022-01-21T18:43:15","guid":{"rendered":"https:\/\/ankaranakliyeambar.com\/?page_id=3151"},"modified":"2026-04-17T11:32:58","modified_gmt":"2026-04-17T08:32:58","slug":"%f0%9d%90%81o%f0%9d%90%a5%f0%9d%90%a0%f0%9d%90%9e%f0%9d%90%a5%f0%9d%90%9e%f0%9d%90%ab%f0%9d%90%a2%f0%9d%90%a6%f0%9d%90%a2%f0%9d%90%b3","status":"publish","type":"page","link":"https:\/\/ankaranakliyeambar.com\/%f0%9d%90%81o%f0%9d%90%a5%f0%9d%90%a0%f0%9d%90%9e%f0%9d%90%a5%f0%9d%90%9e%f0%9d%90%ab%f0%9d%90%a2%f0%9d%90%a6%f0%9d%90%a2%f0%9d%90%b3\/","title":{"rendered":"Hizmet B\u00f6lgelerimiz"},"content":{"rendered":"\r\n<h2 class=\"wp-block-heading\" id=\"\ud835\udc00\ud835\udc26\ud835\udc1b\ud835\udc1a\ud835\udc2b-\ud835\udc07\ud835\udc22\ud835\udc33\ud835\udc26\ud835\udc1e\ud835\udc2d\ud835\udc22-\ud835\udc15\ud835\udc1e\ud835\udc2b\ud835\udc1d\ud835\udc22g\ud835\udc22\ud835\udc26\ud835\udc22\ud835\udc33-\ud835\udc01o\ud835\udc25\ud835\udc20\ud835\udc1e\ud835\udc25\ud835\udc1e\ud835\udc2b\">\ud835\udc00\ud835\udc26\ud835\udc1b\ud835\udc1a\ud835\udc2b \ud835\udc07\ud835\udc22\ud835\udc33\ud835\udc26\ud835\udc1e\ud835\udc2d\ud835\udc22 \ud835\udc15\ud835\udc1e\ud835\udc2b\ud835\udc1d\ud835\udc22\u011f\ud835\udc22\ud835\udc26\ud835\udc22\ud835\udc33 \ud835\udc01\u00f6\ud835\udc25\ud835\udc20\ud835\udc1e\ud835\udc25\ud835\udc1e\ud835\udc2b<\/h2>\r\n\r\n\r\n\r\n<p><em><strong>Ambar\u00a0ta\u015f\u0131mac\u0131l\u0131\u011f\u0131, ekonomik oldu\u011fu i\u00e7in \u00fclkemizde \u00e7o\u011funlukla tercih edilen bir nakliye hizmetidir. Can Nakliyat ailesi olarak, 1995 y\u0131l\u0131ndan beri sizlere en kaliteli nakliye ambar\u0131 hizmetini vermekteyiz. Ba\u015fta \u0130stanbul, Ankara ve \u0130zmir olmak \u00fczere T\u00fcrkiye\u2019nin d\u00f6rt bir yan\u0131nda nakliye\u00a0ambar\u0131\u00a0hizmetini vermekteyiz.<\/strong><\/em><\/p>\r\n\r\n\r\n\r\n<figure class=\"wp-block-gallery has-nested-images columns-default is-cropped wp-block-gallery-1 is-layout-flex wp-block-gallery-is-layout-flex\">\r\n<figure class=\"wp-block-image size-large\"><img loading=\"lazy\" decoding=\"async\" width=\"1024\" height=\"576\" data-id=\"2457\" class=\"wp-image-2457\" src=\"https:\/\/ankaranakliyeambar.com\/wp-content\/uploads\/2020\/10\/c1-1024x576.jpg\" alt=\"\" srcset=\"https:\/\/ankaranakliyeambar.com\/wp-content\/uploads\/2020\/10\/c1-1024x576.jpg 1024w, https:\/\/ankaranakliyeambar.com\/wp-content\/uploads\/2020\/10\/c1-300x169.jpg 300w, https:\/\/ankaranakliyeambar.com\/wp-content\/uploads\/2020\/10\/c1-768x432.jpg 768w, https:\/\/ankaranakliyeambar.com\/wp-content\/uploads\/2020\/10\/c1-1536x864.jpg 1536w, https:\/\/ankaranakliyeambar.com\/wp-content\/uploads\/2020\/10\/c1-750x423.jpg 750w, https:\/\/ankaranakliyeambar.com\/wp-content\/uploads\/2020\/10\/c1.jpg 1920w\" sizes=\"auto, (max-width: 1024px) 100vw, 1024px\" \/><\/figure>\r\n<\/figure>\r\n\r\n\r\n\r\n<h3 class=\"wp-block-heading\" id=\"\ud835\udc12\ud835\udc04\ud835\udc07i\ud835\udc11\ud835\udc0b\ud835\udc04\ud835\udc11-\ud835\udc00\ud835\udc11\ud835\udc00\ud835\udc12\ud835\udc08-\ud835\udc07i\ud835\udc19\ud835\udc0c\ud835\udc04\ud835\udc13-\ud835\udc01o\ud835\udc0b\ud835\udc06\ud835\udc04\ud835\udc0b\ud835\udc04\ud835\udc11i\"><strong><a href=\"https:\/\/ankaranakliyeambar.com\/%f0%9d%90%81o%f0%9d%90%a5%f0%9d%90%a0%f0%9d%90%9e%f0%9d%90%a5%f0%9d%90%9e%f0%9d%90%ab%f0%9d%90%a2%f0%9d%90%a6%f0%9d%90%a2%f0%9d%90%b3\/\">\ud835\udc12\ud835\udc04\ud835\udc07\u0130\ud835\udc11\ud835\udc0b\ud835\udc04\ud835\udc11 \ud835\udc00\ud835\udc11\ud835\udc00\ud835\udc12\ud835\udc08 \ud835\udc07\u0130\ud835\udc19\ud835\udc0c\ud835\udc04\ud835\udc13 \ud835\udc01\u00d6\ud835\udc0b\ud835\udc06\ud835\udc04\ud835\udc0b\ud835\udc04\ud835\udc11\u0130<\/a><\/strong><\/h3>\r\n\r\n\r\n\r\n<ul class=\"wp-block-list\">\r\n<li><a href=\"https:\/\/ankaranakliyeambar.com\/%f0%9d%90%81o%f0%9d%90%a5%f0%9d%90%a0%f0%9d%90%9e%f0%9d%90%a5%f0%9d%90%9e%f0%9d%90%ab%f0%9d%90%a2%f0%9d%90%a6%f0%9d%90%a2%f0%9d%90%b3\/\"><strong>ANKARA NAKL\u0130YAT AMBARI<\/strong><\/a><\/li>\r\n<li><strong>BURSA NAKL\u0130YAT AMBARI<\/strong><\/li>\r\n<li><strong>B\u0130LEC\u0130K NAKL\u0130YAT AMBARI<\/strong><\/li>\r\n<li><a href=\"https:\/\/ankaranakliyeambar.com\/%f0%9d%90%81o%f0%9d%90%a5%f0%9d%90%a0%f0%9d%90%9e%f0%9d%90%a5%f0%9d%90%9e%f0%9d%90%ab%f0%9d%90%a2%f0%9d%90%a6%f0%9d%90%a2%f0%9d%90%b3\/\"><strong>BOLU NAKL\u0130YAT AMBARI<\/strong><\/a><\/li>\r\n<li><strong>ADANA NAKL\u0130YAT AMBARI<\/strong><\/li>\r\n<li><strong>BURDUR NAKL\u0130YAT AMBARI<\/strong><\/li>\r\n<li><a href=\"https:\/\/ankaranakliyeambar.com\/%f0%9d%90%81o%f0%9d%90%a5%f0%9d%90%a0%f0%9d%90%9e%f0%9d%90%a5%f0%9d%90%9e%f0%9d%90%ab%f0%9d%90%a2%f0%9d%90%a6%f0%9d%90%a2%f0%9d%90%b3\/\"><strong>KAYSER\u0130 NAKL\u0130YAT AMBARI<\/strong><\/a><\/li>\r\n<li><strong>KONYA NAKL\u0130YAT AMBARI<\/strong><\/li>\r\n<li><a href=\"https:\/\/ankaranakliyeambar.com\/%f0%9d%90%81o%f0%9d%90%a5%f0%9d%90%a0%f0%9d%90%9e%f0%9d%90%a5%f0%9d%90%9e%f0%9d%90%ab%f0%9d%90%a2%f0%9d%90%a6%f0%9d%90%a2%f0%9d%90%b3\/\"><strong>ED\u0130RNE NAKL\u0130YAT AMBARI<\/strong><\/a><\/li>\r\n<li><strong>YALOVA NAKL\u0130YAT AMBARI<\/strong><\/li>\r\n<li><a href=\"https:\/\/ankaranakliyeambar.com\/%f0%9d%90%81o%f0%9d%90%a5%f0%9d%90%a0%f0%9d%90%9e%f0%9d%90%a5%f0%9d%90%9e%f0%9d%90%ab%f0%9d%90%a2%f0%9d%90%a6%f0%9d%90%a2%f0%9d%90%b3\/\"><strong>TEK\u0130RDA\u011e NAKL\u0130YAT AMBARI<\/strong><\/a><\/li>\r\n<li><strong>KIRIKKALE NAKL\u0130YAT AMBARI<\/strong><\/li>\r\n<li><strong>U\u015eAK NAKL\u0130YAT AMBARI<\/strong><\/li>\r\n<li><a href=\"https:\/\/ankaranakliyeambar.com\/%f0%9d%90%81o%f0%9d%90%a5%f0%9d%90%a0%f0%9d%90%9e%f0%9d%90%a5%f0%9d%90%9e%f0%9d%90%ab%f0%9d%90%a2%f0%9d%90%a6%f0%9d%90%a2%f0%9d%90%b3\/\"><strong>\u0130ZM\u0130R NAKL\u0130YAT AMBARI<\/strong><\/a><\/li>\r\n<li><strong>SAMSUN NAKL\u0130YAT AMBARI<\/strong><\/li>\r\n<li><a href=\"https:\/\/ankaranakliyeambar.com\/%f0%9d%90%81o%f0%9d%90%a5%f0%9d%90%a0%f0%9d%90%9e%f0%9d%90%a5%f0%9d%90%9e%f0%9d%90%ab%f0%9d%90%a2%f0%9d%90%a6%f0%9d%90%a2%f0%9d%90%b3\/\"><strong>\u00c7ANAKKALE NAKL\u0130YAT AMBARI<\/strong><\/a><\/li>\r\n<li><a href=\"https:\/\/ankaranakliyeambar.com\/%f0%9d%90%81o%f0%9d%90%a5%f0%9d%90%a0%f0%9d%90%9e%f0%9d%90%a5%f0%9d%90%9e%f0%9d%90%ab%f0%9d%90%a2%f0%9d%90%a6%f0%9d%90%a2%f0%9d%90%b3\/\"><strong>TOKAT NAKL\u0130YAT AMBARI<\/strong><\/a><\/li>\r\n<\/ul>\r\n\r\n\r\n\r\n<h2 class=\"wp-block-heading\" id=\"s\ud835\udc04\ud835\udc07i\ud835\udc11-ici-\ud835\udc0d\ud835\udc00\ud835\udc0a\ud835\udc0bi\ud835\udc18\ud835\udc00\ud835\udc13-\ud835\udc07i\ud835\udc19\ud835\udc0c\ud835\udc04\ud835\udc13-\ud835\udc01o\ud835\udc0b\ud835\udc06\ud835\udc04\ud835\udc0b\ud835\udc04\ud835\udc11i\"><strong><a href=\"https:\/\/ankaranakliyeambar.com\/%f0%9d%90%81o%f0%9d%90%a5%f0%9d%90%a0%f0%9d%90%9e%f0%9d%90%a5%f0%9d%90%9e%f0%9d%90%ab%f0%9d%90%a2%f0%9d%90%a6%f0%9d%90%a2%f0%9d%90%b3\/\">\u015e\ud835\udc04\ud835\udc07\u0130\ud835\udc11 \u0130\u00c7\u0130 \ud835\udc0d\ud835\udc00\ud835\udc0a\ud835\udc0b\u0130\ud835\udc18\ud835\udc00\ud835\udc13 \ud835\udc07\u0130\ud835\udc19\ud835\udc0c\ud835\udc04\ud835\udc13 \ud835\udc01\u00d6\ud835\udc0b\ud835\udc06\ud835\udc04\ud835\udc0b\ud835\udc04\ud835\udc11\u0130<\/a><\/strong><\/h2>\r\n\r\n\r\n\r\n<ul class=\"wp-block-list\">\r\n<li><a href=\"https:\/\/ankaranakliyeambar.com\/%f0%9d%90%81o%f0%9d%90%a5%f0%9d%90%a0%f0%9d%90%9e%f0%9d%90%a5%f0%9d%90%9e%f0%9d%90%ab%f0%9d%90%a2%f0%9d%90%a6%f0%9d%90%a2%f0%9d%90%b3\/\"><strong>HADIMK\u00d6Y NAKL\u0130YAT<\/strong><\/a><\/li>\r\n<li><a href=\"https:\/\/ankaranakliyeambar.com\/%f0%9d%90%81o%f0%9d%90%a5%f0%9d%90%a0%f0%9d%90%9e%f0%9d%90%a5%f0%9d%90%9e%f0%9d%90%ab%f0%9d%90%a2%f0%9d%90%a6%f0%9d%90%a2%f0%9d%90%b3\/\"><strong>ESENYURT NAKL\u0130YAT<\/strong><\/a><\/li>\r\n<li><a href=\"https:\/\/ankaranakliyeambar.com\/%f0%9d%90%81o%f0%9d%90%a5%f0%9d%90%a0%f0%9d%90%9e%f0%9d%90%a5%f0%9d%90%9e%f0%9d%90%ab%f0%9d%90%a2%f0%9d%90%a6%f0%9d%90%a2%f0%9d%90%b3\/\"><strong>BA\u011eCILAR NAKL\u0130YAT<\/strong><\/a><\/li>\r\n<li><a href=\"https:\/\/ankaranakliyeambar.com\/%f0%9d%90%81o%f0%9d%90%a5%f0%9d%90%a0%f0%9d%90%9e%f0%9d%90%a5%f0%9d%90%9e%f0%9d%90%ab%f0%9d%90%a2%f0%9d%90%a6%f0%9d%90%a2%f0%9d%90%b3\/\"><strong>G\u00dcNG\u00d6REN NAKL\u0130YAT<\/strong><\/a><\/li>\r\n<li><strong>OKMEYDANI NAKL\u0130YAT<\/strong><\/li>\r\n<li><strong><a href=\"https:\/\/ankaranakliyeambar.com\/%f0%9d%90%81o%f0%9d%90%a5%f0%9d%90%a0%f0%9d%90%9e%f0%9d%90%a5%f0%9d%90%9e%f0%9d%90%ab%f0%9d%90%a2%f0%9d%90%a6%f0%9d%90%a2%f0%9d%90%b3\/\">ZEYT\u0130NBURNU NAKL\u0130YAT<\/a><\/strong><\/li>\r\n<li><strong>BEYL\u0130KD\u00dcZ\u00dc NAKL\u0130YAT<\/strong><\/li>\r\n<li><strong>BAKIRK\u00d6Y NAKL\u0130YAT<\/strong><\/li>\r\n<li><strong><a href=\"https:\/\/ankaranakliyeambar.com\/%f0%9d%90%81o%f0%9d%90%a5%f0%9d%90%a0%f0%9d%90%9e%f0%9d%90%a5%f0%9d%90%9e%f0%9d%90%ab%f0%9d%90%a2%f0%9d%90%a6%f0%9d%90%a2%f0%9d%90%b3\/\">BAH\u00c7EL\u0130EVLER NAKL\u0130YAT<\/a><\/strong><\/li>\r\n<li><strong>BAYRAMPA\u015eA NAKL\u0130YAT<\/strong><\/li>\r\n<li><strong>ATA\u015eEH\u0130R NAKL\u0130YAT<\/strong><\/li>\r\n<li><strong><a href=\"https:\/\/ankaranakliyeambar.com\/%f0%9d%90%81o%f0%9d%90%a5%f0%9d%90%a0%f0%9d%90%9e%f0%9d%90%a5%f0%9d%90%9e%f0%9d%90%ab%f0%9d%90%a2%f0%9d%90%a6%f0%9d%90%a2%f0%9d%90%b3\/\">ESENLER NAKL\u0130YAT<\/a><\/strong><\/li>\r\n<li><strong>KA\u011eITHANE NAKL\u0130YAT<\/strong><\/li>\r\n<li><strong>KADIK\u00d6Y NAKL\u0130YAT<\/strong><\/li>\r\n<li><strong>PEND\u0130K NAKL\u0130YAT<\/strong><\/li>\r\n<li><strong>MALTEPE NAKL\u0130YAT<\/strong><\/li>\r\n<li><strong>KARTAL NAKL\u0130YAT<\/strong><\/li>\r\n<\/ul>\r\n\r\n\r\n\r\n\r\n\r\n<h3 class=\"wp-block-heading\" id=\"\ud835\udc07\ud835\udc22\ud835\udc33\ud835\udc26\ud835\udc1e\ud835\udc2d-\ud835\udc01o\ud835\udc25\ud835\udc20\ud835\udc1e\ud835\udc25\ud835\udc1e\ud835\udc2b\ud835\udc22\ud835\udc26\ud835\udc22\ud835\udc33\">\ud835\udc07\ud835\udc22\ud835\udc33\ud835\udc26\ud835\udc1e\ud835\udc2d \ud835\udc01\u00f6\ud835\udc25\ud835\udc20\ud835\udc1e\ud835\udc25\ud835\udc1e\ud835\udc2b\ud835\udc22\ud835\udc26\ud835\udc22\ud835\udc33:<\/h3>\r\n\r\n\r\n\r\n<p><em><strong>Adana, Ad\u0131yaman, Afyon, A\u011fr\u0131, Aksaray, Amasya, Ankara, Antalya, Ardahan, Artvin, Ayd\u0131n, Bal\u0131kesir, Bart\u0131n, Batman, Bayburt, Bilecik, Bing\u00f6l, Bitlis, Bolu, Burdur, Bursa, \u00c7anakkale, \u00c7ank\u0131r\u0131, \u00c7orum, Denizli, Diyarbak\u0131r, D\u00fczce, Edirne, Elaz\u0131\u011f, Erzincan, Erzurum, Eski\u015fehir, Gaziantep, Giresun, G\u00fcm\u00fc\u015fhane, Hakkari, Hatay, I\u011fd\u0131r, Isparta, \u0130stanbul, \u0130zmir, Kahramanmara\u015f, Karab\u00fck, Karaman, Kars, Kastamonu, Kayseri, K\u0131r\u0131kkale, K\u0131rklareli, K\u0131r\u015fehir, Kilis, Kocaeli, Konya, K\u00fctahya, Malatya, Manisa, Mardin, Mersin, Mu\u011fla, Mu\u015f, Nev\u015fehir, Ni\u011fde , Ordu, Osmaniye, Rize, Sakarya, Samsun, Siirt, Sinop, Sivas, \u015eanl\u0131urfa, \u015e\u0131rnak, Tekirda\u011f, Tokat, Trabzon, Tunceli, U\u015fak, Van, Yalova, Yozgat, Zonguldak<\/strong><\/em><\/p>\r\n","protected":false},"excerpt":{"rendered":"<p>\ud835\udc00\ud835\udc26\ud835\udc1b\ud835\udc1a\ud835\udc2b \ud835\udc07\ud835\udc22\ud835\udc33\ud835\udc26\ud835\udc1e\ud835\udc2d\ud835\udc22 \ud835\udc15\ud835\udc1e\ud835\udc2b\ud835\udc1d\ud835\udc22\u011f\ud835\udc22\ud835\udc26\ud835\udc22\ud835\udc33 \ud835\udc01\u00f6\ud835\udc25\ud835\udc20\ud835\udc1e\ud835\udc25\ud835\udc1e\ud835\udc2b Ambar\u00a0ta\u015f\u0131mac\u0131l\u0131\u011f\u0131, ekonomik oldu\u011fu i\u00e7in \u00fclkemizde \u00e7o\u011funlukla tercih edilen bir nakliye hizmetidir. Can Nakliyat ailesi olarak, 1995 y\u0131l\u0131ndan beri sizlere en kaliteli nakliye ambar\u0131 hizmetini vermekteyiz. Ba\u015fta \u0130stanbul, Ankara ve \u0130zmir olmak \u00fczere T\u00fcrkiye\u2019nin d\u00f6rt bir yan\u0131nda nakliye\u00a0ambar\u0131\u00a0hizmetini vermekteyiz. \ud835\udc12\ud835\udc04\ud835\udc07\u0130\ud835\udc11\ud835\udc0b\ud835\udc04\ud835\udc11 \ud835\udc00\ud835\udc11\ud835\udc00\ud835\udc12\ud835\udc08 \ud835\udc07\u0130\ud835\udc19\ud835\udc0c\ud835\udc04\ud835\udc13 \ud835\udc01\u00d6\ud835\udc0b\ud835\udc06\ud835\udc04\ud835\udc0b\ud835\udc04\ud835\udc11\u0130 ANKARA NAKL\u0130YAT AMBARI BURSA NAKL\u0130YAT AMBARI B\u0130LEC\u0130K NAKL\u0130YAT AMBARI [&hellip;]<\/p>\n","protected":false},"author":1,"featured_media":0,"parent":0,"menu_order":0,"comment_status":"closed","ping_status":"closed","template":"","meta":{"_joinchat":[],"footnotes":""},"class_list":["post-3151","page","type-page","status-publish","hentry"],"yoast_head":"<!-- This site is optimized with the Yoast SEO plugin v24.9 - https:\/\/yoast.com\/wordpress\/plugins\/seo\/ -->\n<title>Hizmet B\u00f6lgelerimiz - \u0130stanbul Ankara Nakliye Ambar\u0131<\/title>\n<meta name=\"robots\" content=\"index, follow, max-snippet:-1, max-image-preview:large, max-video-preview:-1\" \/>\n<link rel=\"canonical\" href=\"https:\/\/ankaranakliyeambar.com\/\ud835\udc01o\ud835\udc25\ud835\udc20\ud835\udc1e\ud835\udc25\ud835\udc1e\ud835\udc2b\ud835\udc22\ud835\udc26\ud835\udc22\ud835\udc33\/\" \/>\n<meta property=\"og:locale\" content=\"tr_TR\" \/>\n<meta property=\"og:type\" content=\"article\" \/>\n<meta property=\"og:title\" content=\"Hizmet B\u00f6lgelerimiz - \u0130stanbul Ankara Nakliye Ambar\u0131\" \/>\n<meta property=\"og:description\" content=\"\ud835\udc00\ud835\udc26\ud835\udc1b\ud835\udc1a\ud835\udc2b \ud835\udc07\ud835\udc22\ud835\udc33\ud835\udc26\ud835\udc1e\ud835\udc2d\ud835\udc22 \ud835\udc15\ud835\udc1e\ud835\udc2b\ud835\udc1d\ud835\udc22\u011f\ud835\udc22\ud835\udc26\ud835\udc22\ud835\udc33 \ud835\udc01\u00f6\ud835\udc25\ud835\udc20\ud835\udc1e\ud835\udc25\ud835\udc1e\ud835\udc2b Ambar\u00a0ta\u015f\u0131mac\u0131l\u0131\u011f\u0131, ekonomik oldu\u011fu i\u00e7in \u00fclkemizde \u00e7o\u011funlukla tercih edilen bir nakliye hizmetidir. Can Nakliyat ailesi olarak, 1995 y\u0131l\u0131ndan beri sizlere en kaliteli nakliye ambar\u0131 hizmetini vermekteyiz. Ba\u015fta \u0130stanbul, Ankara ve \u0130zmir olmak \u00fczere T\u00fcrkiye\u2019nin d\u00f6rt bir yan\u0131nda nakliye\u00a0ambar\u0131\u00a0hizmetini vermekteyiz. \ud835\udc12\ud835\udc04\ud835\udc07\u0130\ud835\udc11\ud835\udc0b\ud835\udc04\ud835\udc11 \ud835\udc00\ud835\udc11\ud835\udc00\ud835\udc12\ud835\udc08 \ud835\udc07\u0130\ud835\udc19\ud835\udc0c\ud835\udc04\ud835\udc13 \ud835\udc01\u00d6\ud835\udc0b\ud835\udc06\ud835\udc04\ud835\udc0b\ud835\udc04\ud835\udc11\u0130 ANKARA NAKL\u0130YAT AMBARI BURSA NAKL\u0130YAT AMBARI B\u0130LEC\u0130K NAKL\u0130YAT AMBARI [&hellip;]\" \/>\n<meta property=\"og:url\" content=\"https:\/\/ankaranakliyeambar.com\/\ud835\udc01o\ud835\udc25\ud835\udc20\ud835\udc1e\ud835\udc25\ud835\udc1e\ud835\udc2b\ud835\udc22\ud835\udc26\ud835\udc22\ud835\udc33\/\" \/>\n<meta property=\"og:site_name\" content=\"\u0130stanbul Ankara Nakliye Ambar\u0131\" \/>\n<meta property=\"article:modified_time\" content=\"2026-04-17T08:32:58+00:00\" \/>\n<meta property=\"og:image\" content=\"https:\/\/ankaranakliyeambar.com\/wp-content\/uploads\/2020\/10\/c1-1024x576.jpg\" \/>\n<meta name=\"twitter:card\" content=\"summary_large_image\" \/>\n<meta name=\"twitter:label1\" content=\"Tahmini okuma s\u00fcresi\" \/>\n\t<meta name=\"twitter:data1\" content=\"2 dakika\" \/>\n<script type=\"application\/ld+json\" class=\"yoast-schema-graph\">{\"@context\":\"https:\/\/schema.org\",\"@graph\":[{\"@type\":\"WebPage\",\"@id\":\"https:\/\/ankaranakliyeambar.com\/%f0%9d%90%81o%f0%9d%90%a5%f0%9d%90%a0%f0%9d%90%9e%f0%9d%90%a5%f0%9d%90%9e%f0%9d%90%ab%f0%9d%90%a2%f0%9d%90%a6%f0%9d%90%a2%f0%9d%90%b3\/\",\"url\":\"https:\/\/ankaranakliyeambar.com\/%f0%9d%90%81o%f0%9d%90%a5%f0%9d%90%a0%f0%9d%90%9e%f0%9d%90%a5%f0%9d%90%9e%f0%9d%90%ab%f0%9d%90%a2%f0%9d%90%a6%f0%9d%90%a2%f0%9d%90%b3\/\",\"name\":\"Hizmet B\u00f6lgelerimiz - \u0130stanbul Ankara Nakliye Ambar\u0131\",\"isPartOf\":{\"@id\":\"https:\/\/ankaranakliyeambar.com\/#website\"},\"primaryImageOfPage\":{\"@id\":\"https:\/\/ankaranakliyeambar.com\/%f0%9d%90%81o%f0%9d%90%a5%f0%9d%90%a0%f0%9d%90%9e%f0%9d%90%a5%f0%9d%90%9e%f0%9d%90%ab%f0%9d%90%a2%f0%9d%90%a6%f0%9d%90%a2%f0%9d%90%b3\/#primaryimage\"},\"image\":{\"@id\":\"https:\/\/ankaranakliyeambar.com\/%f0%9d%90%81o%f0%9d%90%a5%f0%9d%90%a0%f0%9d%90%9e%f0%9d%90%a5%f0%9d%90%9e%f0%9d%90%ab%f0%9d%90%a2%f0%9d%90%a6%f0%9d%90%a2%f0%9d%90%b3\/#primaryimage\"},\"thumbnailUrl\":\"https:\/\/ankaranakliyeambar.com\/wp-content\/uploads\/2020\/10\/c1-1024x576.jpg\",\"datePublished\":\"2022-01-21T18:43:15+00:00\",\"dateModified\":\"2026-04-17T08:32:58+00:00\",\"breadcrumb\":{\"@id\":\"https:\/\/ankaranakliyeambar.com\/%f0%9d%90%81o%f0%9d%90%a5%f0%9d%90%a0%f0%9d%90%9e%f0%9d%90%a5%f0%9d%90%9e%f0%9d%90%ab%f0%9d%90%a2%f0%9d%90%a6%f0%9d%90%a2%f0%9d%90%b3\/#breadcrumb\"},\"inLanguage\":\"tr\",\"potentialAction\":[{\"@type\":\"ReadAction\",\"target\":[\"https:\/\/ankaranakliyeambar.com\/%f0%9d%90%81o%f0%9d%90%a5%f0%9d%90%a0%f0%9d%90%9e%f0%9d%90%a5%f0%9d%90%9e%f0%9d%90%ab%f0%9d%90%a2%f0%9d%90%a6%f0%9d%90%a2%f0%9d%90%b3\/\"]}]},{\"@type\":\"ImageObject\",\"inLanguage\":\"tr\",\"@id\":\"https:\/\/ankaranakliyeambar.com\/%f0%9d%90%81o%f0%9d%90%a5%f0%9d%90%a0%f0%9d%90%9e%f0%9d%90%a5%f0%9d%90%9e%f0%9d%90%ab%f0%9d%90%a2%f0%9d%90%a6%f0%9d%90%a2%f0%9d%90%b3\/#primaryimage\",\"url\":\"https:\/\/ankaranakliyeambar.com\/wp-content\/uploads\/2020\/10\/c1.jpg\",\"contentUrl\":\"https:\/\/ankaranakliyeambar.com\/wp-content\/uploads\/2020\/10\/c1.jpg\",\"width\":1920,\"height\":1080,\"caption\":\"\ud835\udc14\ud835\udc33\ud835\udc2e\ud835\udc27 \ud835\udc0c\ud835\udc1e\ud835\udc2c\ud835\udc1a\ud835\udc1f\ud835\udc1e\"},{\"@type\":\"BreadcrumbList\",\"@id\":\"https:\/\/ankaranakliyeambar.com\/%f0%9d%90%81o%f0%9d%90%a5%f0%9d%90%a0%f0%9d%90%9e%f0%9d%90%a5%f0%9d%90%9e%f0%9d%90%ab%f0%9d%90%a2%f0%9d%90%a6%f0%9d%90%a2%f0%9d%90%b3\/#breadcrumb\",\"itemListElement\":[{\"@type\":\"ListItem\",\"position\":1,\"name\":\"Ana sayfa\",\"item\":\"https:\/\/ankaranakliyeambar.com\/\"},{\"@type\":\"ListItem\",\"position\":2,\"name\":\"Hizmet B\u00f6lgelerimiz\"}]},{\"@type\":\"WebSite\",\"@id\":\"https:\/\/ankaranakliyeambar.com\/#website\",\"url\":\"https:\/\/ankaranakliyeambar.com\/\",\"name\":\"\u0130stanbul Ankara Nakliye Ambar\u0131\",\"description\":\"\u015eehirler Aras\u0131 Ambar ve Nakliye Hizmeti\",\"publisher\":{\"@id\":\"https:\/\/ankaranakliyeambar.com\/#organization\"},\"potentialAction\":[{\"@type\":\"SearchAction\",\"target\":{\"@type\":\"EntryPoint\",\"urlTemplate\":\"https:\/\/ankaranakliyeambar.com\/?s={search_term_string}\"},\"query-input\":{\"@type\":\"PropertyValueSpecification\",\"valueRequired\":true,\"valueName\":\"search_term_string\"}}],\"inLanguage\":\"tr\"},{\"@type\":\"Organization\",\"@id\":\"https:\/\/ankaranakliyeambar.com\/#organization\",\"name\":\"\u0130stanbul Ankara Nakliye Ambar\u0131\",\"url\":\"https:\/\/ankaranakliyeambar.com\/\",\"logo\":{\"@type\":\"ImageObject\",\"inLanguage\":\"tr\",\"@id\":\"https:\/\/ankaranakliyeambar.com\/#\/schema\/logo\/image\/\",\"url\":\"https:\/\/ankaranakliyeambar.com\/wp-content\/uploads\/2022\/01\/cropped-a1b92b0b-fec8-42d3-9080-48b586dbb340.jpg\",\"contentUrl\":\"https:\/\/ankaranakliyeambar.com\/wp-content\/uploads\/2022\/01\/cropped-a1b92b0b-fec8-42d3-9080-48b586dbb340.jpg\",\"width\":1599,\"height\":317,\"caption\":\"\u0130stanbul Ankara Nakliye Ambar\u0131\"},\"image\":{\"@id\":\"https:\/\/ankaranakliyeambar.com\/#\/schema\/logo\/image\/\"}}]}<\/script>\n<!-- \/ Yoast SEO plugin. -->","yoast_head_json":{"title":"Hizmet B\u00f6lgelerimiz - \u0130stanbul Ankara Nakliye Ambar\u0131","robots":{"index":"index","follow":"follow","max-snippet":"max-snippet:-1","max-image-preview":"max-image-preview:large","max-video-preview":"max-video-preview:-1"},"canonical":"https:\/\/ankaranakliyeambar.com\/\ud835\udc01o\ud835\udc25\ud835\udc20\ud835\udc1e\ud835\udc25\ud835\udc1e\ud835\udc2b\ud835\udc22\ud835\udc26\ud835\udc22\ud835\udc33\/","og_locale":"tr_TR","og_type":"article","og_title":"Hizmet B\u00f6lgelerimiz - \u0130stanbul Ankara Nakliye Ambar\u0131","og_description":"\ud835\udc00\ud835\udc26\ud835\udc1b\ud835\udc1a\ud835\udc2b \ud835\udc07\ud835\udc22\ud835\udc33\ud835\udc26\ud835\udc1e\ud835\udc2d\ud835\udc22 \ud835\udc15\ud835\udc1e\ud835\udc2b\ud835\udc1d\ud835\udc22\u011f\ud835\udc22\ud835\udc26\ud835\udc22\ud835\udc33 \ud835\udc01\u00f6\ud835\udc25\ud835\udc20\ud835\udc1e\ud835\udc25\ud835\udc1e\ud835\udc2b Ambar\u00a0ta\u015f\u0131mac\u0131l\u0131\u011f\u0131, ekonomik oldu\u011fu i\u00e7in \u00fclkemizde \u00e7o\u011funlukla tercih edilen bir nakliye hizmetidir. Can Nakliyat ailesi olarak, 1995 y\u0131l\u0131ndan beri sizlere en kaliteli nakliye ambar\u0131 hizmetini vermekteyiz. Ba\u015fta \u0130stanbul, Ankara ve \u0130zmir olmak \u00fczere T\u00fcrkiye\u2019nin d\u00f6rt bir yan\u0131nda nakliye\u00a0ambar\u0131\u00a0hizmetini vermekteyiz. \ud835\udc12\ud835\udc04\ud835\udc07\u0130\ud835\udc11\ud835\udc0b\ud835\udc04\ud835\udc11 \ud835\udc00\ud835\udc11\ud835\udc00\ud835\udc12\ud835\udc08 \ud835\udc07\u0130\ud835\udc19\ud835\udc0c\ud835\udc04\ud835\udc13 \ud835\udc01\u00d6\ud835\udc0b\ud835\udc06\ud835\udc04\ud835\udc0b\ud835\udc04\ud835\udc11\u0130 ANKARA NAKL\u0130YAT AMBARI BURSA NAKL\u0130YAT AMBARI B\u0130LEC\u0130K NAKL\u0130YAT AMBARI [&hellip;]","og_url":"https:\/\/ankaranakliyeambar.com\/\ud835\udc01o\ud835\udc25\ud835\udc20\ud835\udc1e\ud835\udc25\ud835\udc1e\ud835\udc2b\ud835\udc22\ud835\udc26\ud835\udc22\ud835\udc33\/","og_site_name":"\u0130stanbul Ankara Nakliye Ambar\u0131","article_modified_time":"2026-04-17T08:32:58+00:00","og_image":[{"url":"https:\/\/ankaranakliyeambar.com\/wp-content\/uploads\/2020\/10\/c1-1024x576.jpg","type":"","width":"","height":""}],"twitter_card":"summary_large_image","twitter_misc":{"Tahmini okuma s\u00fcresi":"2 dakika"},"schema":{"@context":"https:\/\/schema.org","@graph":[{"@type":"WebPage","@id":"https:\/\/ankaranakliyeambar.com\/%f0%9d%90%81o%f0%9d%90%a5%f0%9d%90%a0%f0%9d%90%9e%f0%9d%90%a5%f0%9d%90%9e%f0%9d%90%ab%f0%9d%90%a2%f0%9d%90%a6%f0%9d%90%a2%f0%9d%90%b3\/","url":"https:\/\/ankaranakliyeambar.com\/%f0%9d%90%81o%f0%9d%90%a5%f0%9d%90%a0%f0%9d%90%9e%f0%9d%90%a5%f0%9d%90%9e%f0%9d%90%ab%f0%9d%90%a2%f0%9d%90%a6%f0%9d%90%a2%f0%9d%90%b3\/","name":"Hizmet B\u00f6lgelerimiz - \u0130stanbul Ankara Nakliye Ambar\u0131","isPartOf":{"@id":"https:\/\/ankaranakliyeambar.com\/#website"},"primaryImageOfPage":{"@id":"https:\/\/ankaranakliyeambar.com\/%f0%9d%90%81o%f0%9d%90%a5%f0%9d%90%a0%f0%9d%90%9e%f0%9d%90%a5%f0%9d%90%9e%f0%9d%90%ab%f0%9d%90%a2%f0%9d%90%a6%f0%9d%90%a2%f0%9d%90%b3\/#primaryimage"},"image":{"@id":"https:\/\/ankaranakliyeambar.com\/%f0%9d%90%81o%f0%9d%90%a5%f0%9d%90%a0%f0%9d%90%9e%f0%9d%90%a5%f0%9d%90%9e%f0%9d%90%ab%f0%9d%90%a2%f0%9d%90%a6%f0%9d%90%a2%f0%9d%90%b3\/#primaryimage"},"thumbnailUrl":"https:\/\/ankaranakliyeambar.com\/wp-content\/uploads\/2020\/10\/c1-1024x576.jpg","datePublished":"2022-01-21T18:43:15+00:00","dateModified":"2026-04-17T08:32:58+00:00","breadcrumb":{"@id":"https:\/\/ankaranakliyeambar.com\/%f0%9d%90%81o%f0%9d%90%a5%f0%9d%90%a0%f0%9d%90%9e%f0%9d%90%a5%f0%9d%90%9e%f0%9d%90%ab%f0%9d%90%a2%f0%9d%90%a6%f0%9d%90%a2%f0%9d%90%b3\/#breadcrumb"},"inLanguage":"tr","potentialAction":[{"@type":"ReadAction","target":["https:\/\/ankaranakliyeambar.com\/%f0%9d%90%81o%f0%9d%90%a5%f0%9d%90%a0%f0%9d%90%9e%f0%9d%90%a5%f0%9d%90%9e%f0%9d%90%ab%f0%9d%90%a2%f0%9d%90%a6%f0%9d%90%a2%f0%9d%90%b3\/"]}]},{"@type":"ImageObject","inLanguage":"tr","@id":"https:\/\/ankaranakliyeambar.com\/%f0%9d%90%81o%f0%9d%90%a5%f0%9d%90%a0%f0%9d%90%9e%f0%9d%90%a5%f0%9d%90%9e%f0%9d%90%ab%f0%9d%90%a2%f0%9d%90%a6%f0%9d%90%a2%f0%9d%90%b3\/#primaryimage","url":"https:\/\/ankaranakliyeambar.com\/wp-content\/uploads\/2020\/10\/c1.jpg","contentUrl":"https:\/\/ankaranakliyeambar.com\/wp-content\/uploads\/2020\/10\/c1.jpg","width":1920,"height":1080,"caption":"\ud835\udc14\ud835\udc33\ud835\udc2e\ud835\udc27 \ud835\udc0c\ud835\udc1e\ud835\udc2c\ud835\udc1a\ud835\udc1f\ud835\udc1e"},{"@type":"BreadcrumbList","@id":"https:\/\/ankaranakliyeambar.com\/%f0%9d%90%81o%f0%9d%90%a5%f0%9d%90%a0%f0%9d%90%9e%f0%9d%90%a5%f0%9d%90%9e%f0%9d%90%ab%f0%9d%90%a2%f0%9d%90%a6%f0%9d%90%a2%f0%9d%90%b3\/#breadcrumb","itemListElement":[{"@type":"ListItem","position":1,"name":"Ana sayfa","item":"https:\/\/ankaranakliyeambar.com\/"},{"@type":"ListItem","position":2,"name":"Hizmet B\u00f6lgelerimiz"}]},{"@type":"WebSite","@id":"https:\/\/ankaranakliyeambar.com\/#website","url":"https:\/\/ankaranakliyeambar.com\/","name":"\u0130stanbul Ankara Nakliye Ambar\u0131","description":"\u015eehirler Aras\u0131 Ambar ve Nakliye Hizmeti","publisher":{"@id":"https:\/\/ankaranakliyeambar.com\/#organization"},"potentialAction":[{"@type":"SearchAction","target":{"@type":"EntryPoint","urlTemplate":"https:\/\/ankaranakliyeambar.com\/?s={search_term_string}"},"query-input":{"@type":"PropertyValueSpecification","valueRequired":true,"valueName":"search_term_string"}}],"inLanguage":"tr"},{"@type":"Organization","@id":"https:\/\/ankaranakliyeambar.com\/#organization","name":"\u0130stanbul Ankara Nakliye Ambar\u0131","url":"https:\/\/ankaranakliyeambar.com\/","logo":{"@type":"ImageObject","inLanguage":"tr","@id":"https:\/\/ankaranakliyeambar.com\/#\/schema\/logo\/image\/","url":"https:\/\/ankaranakliyeambar.com\/wp-content\/uploads\/2022\/01\/cropped-a1b92b0b-fec8-42d3-9080-48b586dbb340.jpg","contentUrl":"https:\/\/ankaranakliyeambar.com\/wp-content\/uploads\/2022\/01\/cropped-a1b92b0b-fec8-42d3-9080-48b586dbb340.jpg","width":1599,"height":317,"caption":"\u0130stanbul Ankara Nakliye Ambar\u0131"},"image":{"@id":"https:\/\/ankaranakliyeambar.com\/#\/schema\/logo\/image\/"}}]}},"_links":{"self":[{"href":"https:\/\/ankaranakliyeambar.com\/wp-json\/wp\/v2\/pages\/3151","targetHints":{"allow":["GET"]}}],"collection":[{"href":"https:\/\/ankaranakliyeambar.com\/wp-json\/wp\/v2\/pages"}],"about":[{"href":"https:\/\/ankaranakliyeambar.com\/wp-json\/wp\/v2\/types\/page"}],"author":[{"embeddable":true,"href":"https:\/\/ankaranakliyeambar.com\/wp-json\/wp\/v2\/users\/1"}],"replies":[{"embeddable":true,"href":"https:\/\/ankaranakliyeambar.com\/wp-json\/wp\/v2\/comments?post=3151"}],"version-history":[{"count":5,"href":"https:\/\/ankaranakliyeambar.com\/wp-json\/wp\/v2\/pages\/3151\/revisions"}],"predecessor-version":[{"id":3954,"href":"https:\/\/ankaranakliyeambar.com\/wp-json\/wp\/v2\/pages\/3151\/revisions\/3954"}],"wp:attachment":[{"href":"https:\/\/ankaranakliyeambar.com\/wp-json\/wp\/v2\/media?parent=3151"}],"curies":[{"name":"wp","href":"https:\/\/api.w.org\/{rel}","templated":true}]}}