{"id":3335,"date":"2023-03-02T15:07:17","date_gmt":"2023-03-02T12:07:17","guid":{"rendered":"https:\/\/ankaranakliyeambar.com\/?page_id=3335"},"modified":"2023-03-02T15:08:50","modified_gmt":"2023-03-02T12:08:50","slug":"yeni-yerimiz-2","status":"publish","type":"page","link":"https:\/\/ankaranakliyeambar.com\/yeni-yerimiz-2\/","title":{"rendered":"YEN\u0130 YER\u0130M\u0130Z"},"content":{"rendered":"\n<figure class=\"wp-block-gallery aligncenter has-nested-images columns-default is-cropped wp-block-gallery-1 is-layout-flex wp-block-gallery-is-layout-flex\">\n<figure class=\"wp-block-image size-large\"><img loading=\"lazy\" decoding=\"async\" width=\"768\" height=\"1024\" data-id=\"3336\" src=\"https:\/\/ankaranakliyeambar.com\/wp-content\/uploads\/2023\/03\/IMG-20230228-WA0004-2.jpg\" alt=\"\" class=\"wp-image-3336\" srcset=\"https:\/\/ankaranakliyeambar.com\/wp-content\/uploads\/2023\/03\/IMG-20230228-WA0004-2.jpg 768w, https:\/\/ankaranakliyeambar.com\/wp-content\/uploads\/2023\/03\/IMG-20230228-WA0004-2-225x300.jpg 225w, https:\/\/ankaranakliyeambar.com\/wp-content\/uploads\/2023\/03\/IMG-20230228-WA0004-2-230x307.jpg 230w, https:\/\/ankaranakliyeambar.com\/wp-content\/uploads\/2023\/03\/IMG-20230228-WA0004-2-350x467.jpg 350w, https:\/\/ankaranakliyeambar.com\/wp-content\/uploads\/2023\/03\/IMG-20230228-WA0004-2-480x640.jpg 480w\" sizes=\"auto, (max-width: 768px) 100vw, 768px\" \/><\/figure>\n\n\n\n<figure class=\"wp-block-image size-large\"><img loading=\"lazy\" decoding=\"async\" width=\"1024\" height=\"768\" data-id=\"3337\" src=\"https:\/\/ankaranakliyeambar.com\/wp-content\/uploads\/2023\/03\/IMG-20230228-WA0006-2.jpg\" alt=\"\" class=\"wp-image-3337\" srcset=\"https:\/\/ankaranakliyeambar.com\/wp-content\/uploads\/2023\/03\/IMG-20230228-WA0006-2.jpg 1024w, https:\/\/ankaranakliyeambar.com\/wp-content\/uploads\/2023\/03\/IMG-20230228-WA0006-2-300x225.jpg 300w, https:\/\/ankaranakliyeambar.com\/wp-content\/uploads\/2023\/03\/IMG-20230228-WA0006-2-768x576.jpg 768w, https:\/\/ankaranakliyeambar.com\/wp-content\/uploads\/2023\/03\/IMG-20230228-WA0006-2-1000x750.jpg 1000w, https:\/\/ankaranakliyeambar.com\/wp-content\/uploads\/2023\/03\/IMG-20230228-WA0006-2-230x173.jpg 230w, https:\/\/ankaranakliyeambar.com\/wp-content\/uploads\/2023\/03\/IMG-20230228-WA0006-2-350x263.jpg 350w, https:\/\/ankaranakliyeambar.com\/wp-content\/uploads\/2023\/03\/IMG-20230228-WA0006-2-480x360.jpg 480w\" sizes=\"auto, (max-width: 1024px) 100vw, 1024px\" \/><\/figure>\n\n\n\n<figure class=\"wp-block-image size-large\"><img loading=\"lazy\" decoding=\"async\" width=\"739\" height=\"1024\" data-id=\"3338\" src=\"https:\/\/ankaranakliyeambar.com\/wp-content\/uploads\/2023\/03\/IMG-20230228-WA0005-2.jpg\" alt=\"\" class=\"wp-image-3338\" srcset=\"https:\/\/ankaranakliyeambar.com\/wp-content\/uploads\/2023\/03\/IMG-20230228-WA0005-2.jpg 739w, https:\/\/ankaranakliyeambar.com\/wp-content\/uploads\/2023\/03\/IMG-20230228-WA0005-2-217x300.jpg 217w, https:\/\/ankaranakliyeambar.com\/wp-content\/uploads\/2023\/03\/IMG-20230228-WA0005-2-230x319.jpg 230w, https:\/\/ankaranakliyeambar.com\/wp-content\/uploads\/2023\/03\/IMG-20230228-WA0005-2-350x485.jpg 350w, https:\/\/ankaranakliyeambar.com\/wp-content\/uploads\/2023\/03\/IMG-20230228-WA0005-2-480x665.jpg 480w\" sizes=\"auto, (max-width: 739px) 100vw, 739px\" \/><\/figure>\n\n\n\n<figure class=\"wp-block-image size-full\"><img loading=\"lazy\" decoding=\"async\" width=\"752\" height=\"1024\" data-id=\"3342\" src=\"https:\/\/ankaranakliyeambar.com\/wp-content\/uploads\/2023\/03\/IMG-20230228-WA0007-3.jpg\" alt=\"\" class=\"wp-image-3342\" srcset=\"https:\/\/ankaranakliyeambar.com\/wp-content\/uploads\/2023\/03\/IMG-20230228-WA0007-3.jpg 752w, https:\/\/ankaranakliyeambar.com\/wp-content\/uploads\/2023\/03\/IMG-20230228-WA0007-3-220x300.jpg 220w, https:\/\/ankaranakliyeambar.com\/wp-content\/uploads\/2023\/03\/IMG-20230228-WA0007-3-230x313.jpg 230w, https:\/\/ankaranakliyeambar.com\/wp-content\/uploads\/2023\/03\/IMG-20230228-WA0007-3-350x477.jpg 350w, https:\/\/ankaranakliyeambar.com\/wp-content\/uploads\/2023\/03\/IMG-20230228-WA0007-3-480x654.jpg 480w\" sizes=\"auto, (max-width: 752px) 100vw, 752px\" \/><\/figure>\n\n\n\n<figure class=\"wp-block-image\"><img decoding=\"async\" src=\"blob:https:\/\/ankaranakliyeambar.com\/4646097b-ab61-4f22-90cd-87d6d6f0627d\" alt=\"\"\/><\/figure>\n\n\n\n<figure class=\"wp-block-image\"><img decoding=\"async\" src=\"blob:https:\/\/ankaranakliyeambar.com\/83d522b0-03d9-4ac1-b66a-6b79254d7d24\" alt=\"\"\/><\/figure>\n\n\n\n<figure class=\"wp-block-image size-full\"><img loading=\"lazy\" decoding=\"async\" width=\"768\" height=\"1024\" data-id=\"3341\" src=\"https:\/\/ankaranakliyeambar.com\/wp-content\/uploads\/2023\/03\/IMG-20230228-WA0002-3.jpg\" alt=\"\" class=\"wp-image-3341\" srcset=\"https:\/\/ankaranakliyeambar.com\/wp-content\/uploads\/2023\/03\/IMG-20230228-WA0002-3.jpg 768w, https:\/\/ankaranakliyeambar.com\/wp-content\/uploads\/2023\/03\/IMG-20230228-WA0002-3-225x300.jpg 225w, https:\/\/ankaranakliyeambar.com\/wp-content\/uploads\/2023\/03\/IMG-20230228-WA0002-3-230x307.jpg 230w, https:\/\/ankaranakliyeambar.com\/wp-content\/uploads\/2023\/03\/IMG-20230228-WA0002-3-350x467.jpg 350w, https:\/\/ankaranakliyeambar.com\/wp-content\/uploads\/2023\/03\/IMG-20230228-WA0002-3-480x640.jpg 480w\" sizes=\"auto, (max-width: 768px) 100vw, 768px\" \/><\/figure>\n<\/figure>\n\n\n\n<p><strong>OF\u0130S\u0130M\u0130Z\u0130N ADRES\u0130<\/strong> <strong>:<\/strong><\/p>\n\n\n\n<p>Prof.turan g\u00fcne\u015f caddesi no 171\/2 Zeytinburnu \u0130stanbul <\/p>\n","protected":false},"excerpt":{"rendered":"<p>OF\u0130S\u0130M\u0130Z\u0130N ADRES\u0130 : Prof.turan g\u00fcne\u015f caddesi no 171\/2 Zeytinburnu \u0130stanbul<\/p>\n","protected":false},"author":1,"featured_media":0,"parent":0,"menu_order":0,"comment_status":"closed","ping_status":"closed","template":"","meta":{"_joinchat":[],"footnotes":""},"class_list":["post-3335","page","type-page","status-publish","hentry"],"yoast_head":"<!-- This site is optimized with the Yoast SEO plugin v24.9 - https:\/\/yoast.com\/wordpress\/plugins\/seo\/ -->\n<title>YEN\u0130 YER\u0130M\u0130Z - \u0130stanbul Ankara Nakliye Ambar\u0131<\/title>\n<meta name=\"robots\" content=\"index, follow, max-snippet:-1, max-image-preview:large, max-video-preview:-1\" \/>\n<link rel=\"canonical\" href=\"https:\/\/ankaranakliyeambar.com\/yeni-yerimiz-2\/\" \/>\n<meta property=\"og:locale\" content=\"tr_TR\" \/>\n<meta property=\"og:type\" content=\"article\" \/>\n<meta property=\"og:title\" content=\"YEN\u0130 YER\u0130M\u0130Z - \u0130stanbul Ankara Nakliye Ambar\u0131\" \/>\n<meta property=\"og:description\" content=\"OF\u0130S\u0130M\u0130Z\u0130N ADRES\u0130 : Prof.turan g\u00fcne\u015f caddesi no 171\/2 Zeytinburnu \u0130stanbul\" \/>\n<meta property=\"og:url\" content=\"https:\/\/ankaranakliyeambar.com\/yeni-yerimiz-2\/\" \/>\n<meta property=\"og:site_name\" content=\"\u0130stanbul Ankara Nakliye Ambar\u0131\" \/>\n<meta property=\"article:modified_time\" content=\"2023-03-02T12:08:50+00:00\" \/>\n<meta property=\"og:image\" content=\"https:\/\/ankaranakliyeambar.com\/wp-content\/uploads\/2023\/03\/IMG-20230228-WA0004-2.jpg\" \/>\n<meta name=\"twitter:card\" content=\"summary_large_image\" \/>\n<meta name=\"twitter:label1\" content=\"Tahmini okuma s\u00fcresi\" \/>\n\t<meta name=\"twitter:data1\" content=\"2 dakika\" \/>\n<script type=\"application\/ld+json\" class=\"yoast-schema-graph\">{\"@context\":\"https:\/\/schema.org\",\"@graph\":[{\"@type\":\"Article\",\"@id\":\"https:\/\/ankaranakliyeambar.com\/yeni-yerimiz-2\/#article\",\"isPartOf\":{\"@id\":\"https:\/\/ankaranakliyeambar.com\/yeni-yerimiz-2\/\"},\"author\":{\"name\":\"Gazi CAN\",\"@id\":\"https:\/\/ankaranakliyeambar.com\/#\/schema\/person\/d54a2b21f21281636535cc84a7c75199\"},\"headline\":\"YEN\u0130 YER\u0130M\u0130Z\",\"datePublished\":\"2023-03-02T12:07:17+00:00\",\"dateModified\":\"2023-03-02T12:08:50+00:00\",\"mainEntityOfPage\":{\"@id\":\"https:\/\/ankaranakliyeambar.com\/yeni-yerimiz-2\/\"},\"wordCount\":18,\"publisher\":{\"@id\":\"https:\/\/ankaranakliyeambar.com\/#organization\"},\"image\":{\"@id\":\"https:\/\/ankaranakliyeambar.com\/yeni-yerimiz-2\/#primaryimage\"},\"thumbnailUrl\":\"https:\/\/ankaranakliyeambar.com\/wp-content\/uploads\/2023\/03\/IMG-20230228-WA0004-2.jpg\",\"inLanguage\":\"tr\"},{\"@type\":[\"WebPage\",\"ProfilePage\"],\"@id\":\"https:\/\/ankaranakliyeambar.com\/yeni-yerimiz-2\/\",\"url\":\"https:\/\/ankaranakliyeambar.com\/yeni-yerimiz-2\/\",\"name\":\"YEN\u0130 YER\u0130M\u0130Z - \u0130stanbul Ankara Nakliye Ambar\u0131\",\"isPartOf\":{\"@id\":\"https:\/\/ankaranakliyeambar.com\/#website\"},\"primaryImageOfPage\":{\"@id\":\"https:\/\/ankaranakliyeambar.com\/yeni-yerimiz-2\/#primaryimage\"},\"image\":{\"@id\":\"https:\/\/ankaranakliyeambar.com\/yeni-yerimiz-2\/#primaryimage\"},\"thumbnailUrl\":\"https:\/\/ankaranakliyeambar.com\/wp-content\/uploads\/2023\/03\/IMG-20230228-WA0004-2.jpg\",\"datePublished\":\"2023-03-02T12:07:17+00:00\",\"dateModified\":\"2023-03-02T12:08:50+00:00\",\"breadcrumb\":{\"@id\":\"https:\/\/ankaranakliyeambar.com\/yeni-yerimiz-2\/#breadcrumb\"},\"inLanguage\":\"tr\",\"potentialAction\":[{\"@type\":\"ReadAction\",\"target\":[\"https:\/\/ankaranakliyeambar.com\/yeni-yerimiz-2\/\"]}]},{\"@type\":\"ImageObject\",\"inLanguage\":\"tr\",\"@id\":\"https:\/\/ankaranakliyeambar.com\/yeni-yerimiz-2\/#primaryimage\",\"url\":\"https:\/\/ankaranakliyeambar.com\/wp-content\/uploads\/2023\/03\/IMG-20230228-WA0004-2.jpg\",\"contentUrl\":\"https:\/\/ankaranakliyeambar.com\/wp-content\/uploads\/2023\/03\/IMG-20230228-WA0004-2.jpg\",\"width\":768,\"height\":1024},{\"@type\":\"BreadcrumbList\",\"@id\":\"https:\/\/ankaranakliyeambar.com\/yeni-yerimiz-2\/#breadcrumb\",\"itemListElement\":[{\"@type\":\"ListItem\",\"position\":1,\"name\":\"Ana sayfa\",\"item\":\"https:\/\/ankaranakliyeambar.com\/\"},{\"@type\":\"ListItem\",\"position\":2,\"name\":\"YEN\u0130 YER\u0130M\u0130Z\"}]},{\"@type\":\"WebSite\",\"@id\":\"https:\/\/ankaranakliyeambar.com\/#website\",\"url\":\"https:\/\/ankaranakliyeambar.com\/\",\"name\":\"\u0130stanbul Ankara Nakliye Ambar\u0131\",\"description\":\"\u015eehirler Aras\u0131 Ambar ve Nakliye Hizmeti\",\"publisher\":{\"@id\":\"https:\/\/ankaranakliyeambar.com\/#organization\"},\"potentialAction\":[{\"@type\":\"SearchAction\",\"target\":{\"@type\":\"EntryPoint\",\"urlTemplate\":\"https:\/\/ankaranakliyeambar.com\/?s={search_term_string}\"},\"query-input\":{\"@type\":\"PropertyValueSpecification\",\"valueRequired\":true,\"valueName\":\"search_term_string\"}}],\"inLanguage\":\"tr\"},{\"@type\":\"Organization\",\"@id\":\"https:\/\/ankaranakliyeambar.com\/#organization\",\"name\":\"\u0130stanbul Ankara Nakliye Ambar\u0131\",\"url\":\"https:\/\/ankaranakliyeambar.com\/\",\"logo\":{\"@type\":\"ImageObject\",\"inLanguage\":\"tr\",\"@id\":\"https:\/\/ankaranakliyeambar.com\/#\/schema\/logo\/image\/\",\"url\":\"https:\/\/ankaranakliyeambar.com\/wp-content\/uploads\/2022\/01\/cropped-a1b92b0b-fec8-42d3-9080-48b586dbb340.jpg\",\"contentUrl\":\"https:\/\/ankaranakliyeambar.com\/wp-content\/uploads\/2022\/01\/cropped-a1b92b0b-fec8-42d3-9080-48b586dbb340.jpg\",\"width\":1599,\"height\":317,\"caption\":\"\u0130stanbul Ankara Nakliye Ambar\u0131\"},\"image\":{\"@id\":\"https:\/\/ankaranakliyeambar.com\/#\/schema\/logo\/image\/\"},\"mainEntityOfPage\":{\"@id\":\"https:\/\/ankaranakliyeambar.com\/yeni-yerimiz-2\/\"}},{\"@type\":\"Person\",\"@id\":\"https:\/\/ankaranakliyeambar.com\/#\/schema\/person\/d54a2b21f21281636535cc84a7c75199\",\"name\":\"Gazi CAN\",\"image\":{\"@type\":\"ImageObject\",\"inLanguage\":\"tr\",\"@id\":\"https:\/\/ankaranakliyeambar.com\/#\/schema\/person\/image\/\",\"url\":\"https:\/\/secure.gravatar.com\/avatar\/1632df0e57df5396851fdceefe5bdeead1f77e9ec7a98564e41ceab250d3dd05?s=96&d=mm&r=g\",\"contentUrl\":\"https:\/\/secure.gravatar.com\/avatar\/1632df0e57df5396851fdceefe5bdeead1f77e9ec7a98564e41ceab250d3dd05?s=96&d=mm&r=g\",\"caption\":\"Gazi CAN\"},\"mainEntityOfPage\":{\"@id\":\"https:\/\/ankaranakliyeambar.com\/yeni-yerimiz-2\/\"},\"sameAs\":[\"https:\/\/ankaranakliyeambar.com\",\"https:\/\/www.instagram.com\/cng_lojistik?igsh=MTljbHJzN2Fxdzg5Mw==\"],\"url\":\"https:\/\/ankaranakliyeambar.com\/author\/admin\/\"}]}<\/script>\n<!-- \/ Yoast SEO plugin. -->","yoast_head_json":{"title":"YEN\u0130 YER\u0130M\u0130Z - \u0130stanbul Ankara Nakliye Ambar\u0131","robots":{"index":"index","follow":"follow","max-snippet":"max-snippet:-1","max-image-preview":"max-image-preview:large","max-video-preview":"max-video-preview:-1"},"canonical":"https:\/\/ankaranakliyeambar.com\/yeni-yerimiz-2\/","og_locale":"tr_TR","og_type":"article","og_title":"YEN\u0130 YER\u0130M\u0130Z - \u0130stanbul Ankara Nakliye Ambar\u0131","og_description":"OF\u0130S\u0130M\u0130Z\u0130N ADRES\u0130 : Prof.turan g\u00fcne\u015f caddesi no 171\/2 Zeytinburnu \u0130stanbul","og_url":"https:\/\/ankaranakliyeambar.com\/yeni-yerimiz-2\/","og_site_name":"\u0130stanbul Ankara Nakliye Ambar\u0131","article_modified_time":"2023-03-02T12:08:50+00:00","og_image":[{"url":"https:\/\/ankaranakliyeambar.com\/wp-content\/uploads\/2023\/03\/IMG-20230228-WA0004-2.jpg","type":"","width":"","height":""}],"twitter_card":"summary_large_image","twitter_misc":{"Tahmini okuma s\u00fcresi":"2 dakika"},"schema":{"@context":"https:\/\/schema.org","@graph":[{"@type":"Article","@id":"https:\/\/ankaranakliyeambar.com\/yeni-yerimiz-2\/#article","isPartOf":{"@id":"https:\/\/ankaranakliyeambar.com\/yeni-yerimiz-2\/"},"author":{"name":"Gazi CAN","@id":"https:\/\/ankaranakliyeambar.com\/#\/schema\/person\/d54a2b21f21281636535cc84a7c75199"},"headline":"YEN\u0130 YER\u0130M\u0130Z","datePublished":"2023-03-02T12:07:17+00:00","dateModified":"2023-03-02T12:08:50+00:00","mainEntityOfPage":{"@id":"https:\/\/ankaranakliyeambar.com\/yeni-yerimiz-2\/"},"wordCount":18,"publisher":{"@id":"https:\/\/ankaranakliyeambar.com\/#organization"},"image":{"@id":"https:\/\/ankaranakliyeambar.com\/yeni-yerimiz-2\/#primaryimage"},"thumbnailUrl":"https:\/\/ankaranakliyeambar.com\/wp-content\/uploads\/2023\/03\/IMG-20230228-WA0004-2.jpg","inLanguage":"tr"},{"@type":["WebPage","ProfilePage"],"@id":"https:\/\/ankaranakliyeambar.com\/yeni-yerimiz-2\/","url":"https:\/\/ankaranakliyeambar.com\/yeni-yerimiz-2\/","name":"YEN\u0130 YER\u0130M\u0130Z - \u0130stanbul Ankara Nakliye Ambar\u0131","isPartOf":{"@id":"https:\/\/ankaranakliyeambar.com\/#website"},"primaryImageOfPage":{"@id":"https:\/\/ankaranakliyeambar.com\/yeni-yerimiz-2\/#primaryimage"},"image":{"@id":"https:\/\/ankaranakliyeambar.com\/yeni-yerimiz-2\/#primaryimage"},"thumbnailUrl":"https:\/\/ankaranakliyeambar.com\/wp-content\/uploads\/2023\/03\/IMG-20230228-WA0004-2.jpg","datePublished":"2023-03-02T12:07:17+00:00","dateModified":"2023-03-02T12:08:50+00:00","breadcrumb":{"@id":"https:\/\/ankaranakliyeambar.com\/yeni-yerimiz-2\/#breadcrumb"},"inLanguage":"tr","potentialAction":[{"@type":"ReadAction","target":["https:\/\/ankaranakliyeambar.com\/yeni-yerimiz-2\/"]}]},{"@type":"ImageObject","inLanguage":"tr","@id":"https:\/\/ankaranakliyeambar.com\/yeni-yerimiz-2\/#primaryimage","url":"https:\/\/ankaranakliyeambar.com\/wp-content\/uploads\/2023\/03\/IMG-20230228-WA0004-2.jpg","contentUrl":"https:\/\/ankaranakliyeambar.com\/wp-content\/uploads\/2023\/03\/IMG-20230228-WA0004-2.jpg","width":768,"height":1024},{"@type":"BreadcrumbList","@id":"https:\/\/ankaranakliyeambar.com\/yeni-yerimiz-2\/#breadcrumb","itemListElement":[{"@type":"ListItem","position":1,"name":"Ana sayfa","item":"https:\/\/ankaranakliyeambar.com\/"},{"@type":"ListItem","position":2,"name":"YEN\u0130 YER\u0130M\u0130Z"}]},{"@type":"WebSite","@id":"https:\/\/ankaranakliyeambar.com\/#website","url":"https:\/\/ankaranakliyeambar.com\/","name":"\u0130stanbul Ankara Nakliye Ambar\u0131","description":"\u015eehirler Aras\u0131 Ambar ve Nakliye Hizmeti","publisher":{"@id":"https:\/\/ankaranakliyeambar.com\/#organization"},"potentialAction":[{"@type":"SearchAction","target":{"@type":"EntryPoint","urlTemplate":"https:\/\/ankaranakliyeambar.com\/?s={search_term_string}"},"query-input":{"@type":"PropertyValueSpecification","valueRequired":true,"valueName":"search_term_string"}}],"inLanguage":"tr"},{"@type":"Organization","@id":"https:\/\/ankaranakliyeambar.com\/#organization","name":"\u0130stanbul Ankara Nakliye Ambar\u0131","url":"https:\/\/ankaranakliyeambar.com\/","logo":{"@type":"ImageObject","inLanguage":"tr","@id":"https:\/\/ankaranakliyeambar.com\/#\/schema\/logo\/image\/","url":"https:\/\/ankaranakliyeambar.com\/wp-content\/uploads\/2022\/01\/cropped-a1b92b0b-fec8-42d3-9080-48b586dbb340.jpg","contentUrl":"https:\/\/ankaranakliyeambar.com\/wp-content\/uploads\/2022\/01\/cropped-a1b92b0b-fec8-42d3-9080-48b586dbb340.jpg","width":1599,"height":317,"caption":"\u0130stanbul Ankara Nakliye Ambar\u0131"},"image":{"@id":"https:\/\/ankaranakliyeambar.com\/#\/schema\/logo\/image\/"},"mainEntityOfPage":{"@id":"https:\/\/ankaranakliyeambar.com\/yeni-yerimiz-2\/"}},{"@type":"Person","@id":"https:\/\/ankaranakliyeambar.com\/#\/schema\/person\/d54a2b21f21281636535cc84a7c75199","name":"Gazi CAN","image":{"@type":"ImageObject","inLanguage":"tr","@id":"https:\/\/ankaranakliyeambar.com\/#\/schema\/person\/image\/","url":"https:\/\/secure.gravatar.com\/avatar\/1632df0e57df5396851fdceefe5bdeead1f77e9ec7a98564e41ceab250d3dd05?s=96&d=mm&r=g","contentUrl":"https:\/\/secure.gravatar.com\/avatar\/1632df0e57df5396851fdceefe5bdeead1f77e9ec7a98564e41ceab250d3dd05?s=96&d=mm&r=g","caption":"Gazi CAN"},"mainEntityOfPage":{"@id":"https:\/\/ankaranakliyeambar.com\/yeni-yerimiz-2\/"},"sameAs":["https:\/\/ankaranakliyeambar.com","https:\/\/www.instagram.com\/cng_lojistik?igsh=MTljbHJzN2Fxdzg5Mw=="],"url":"https:\/\/ankaranakliyeambar.com\/author\/admin\/"}]}},"_links":{"self":[{"href":"https:\/\/ankaranakliyeambar.com\/wp-json\/wp\/v2\/pages\/3335","targetHints":{"allow":["GET"]}}],"collection":[{"href":"https:\/\/ankaranakliyeambar.com\/wp-json\/wp\/v2\/pages"}],"about":[{"href":"https:\/\/ankaranakliyeambar.com\/wp-json\/wp\/v2\/types\/page"}],"author":[{"embeddable":true,"href":"https:\/\/ankaranakliyeambar.com\/wp-json\/wp\/v2\/users\/1"}],"replies":[{"embeddable":true,"href":"https:\/\/ankaranakliyeambar.com\/wp-json\/wp\/v2\/comments?post=3335"}],"version-history":[{"count":2,"href":"https:\/\/ankaranakliyeambar.com\/wp-json\/wp\/v2\/pages\/3335\/revisions"}],"predecessor-version":[{"id":3344,"href":"https:\/\/ankaranakliyeambar.com\/wp-json\/wp\/v2\/pages\/3335\/revisions\/3344"}],"wp:attachment":[{"href":"https:\/\/ankaranakliyeambar.com\/wp-json\/wp\/v2\/media?parent=3335"}],"curies":[{"name":"wp","href":"https:\/\/api.w.org\/{rel}","templated":true}]}}