{"id":3517,"date":"2023-09-22T20:14:30","date_gmt":"2023-09-22T17:14:30","guid":{"rendered":"https:\/\/ankaranakliyeambar.com\/?page_id=3517"},"modified":"2026-04-20T17:01:30","modified_gmt":"2026-04-20T14:01:30","slug":"ankara-istanbul-nakliye","status":"publish","type":"page","link":"https:\/\/ankaranakliyeambar.com\/?page_id=3517","title":{"rendered":"Ankara \u0130stanbul Nakliye Ambar\u0131"},"content":{"rendered":"<p><img loading=\"lazy\" decoding=\"async\" class=\"alignnone wp-image-3522 size-medium\" src=\"https:\/\/ankaranakliyeambar.com\/wp-content\/uploads\/2023\/09\/ankara-istanbul-nakliye-ambar-300x300.jpg\" alt=\"ankara istanbul nakliye ambar\" width=\"300\" height=\"300\" srcset=\"https:\/\/ankaranakliyeambar.com\/wp-content\/uploads\/2023\/09\/ankara-istanbul-nakliye-ambar-300x300.jpg 300w, https:\/\/ankaranakliyeambar.com\/wp-content\/uploads\/2023\/09\/ankara-istanbul-nakliye-ambar-150x150.jpg 150w, https:\/\/ankaranakliyeambar.com\/wp-content\/uploads\/2023\/09\/ankara-istanbul-nakliye-ambar.jpg 700w\" sizes=\"auto, (max-width: 300px) 100vw, 300px\" \/><img loading=\"lazy\" decoding=\"async\" class=\"alignnone wp-image-3521 size-medium\" src=\"https:\/\/ankaranakliyeambar.com\/wp-content\/uploads\/2023\/09\/ankara-esya-yuk-tasima-300x300.jpg\" alt=\"ankara istanbul nakliye ankara e\u015fya y\u00fck ta\u015f\u0131ma\" width=\"300\" height=\"300\" \/> \u00a0<img loading=\"lazy\" decoding=\"async\" class=\"alignnone wp-image-3528 size-medium\" src=\"https:\/\/ankaranakliyeambar.com\/wp-content\/uploads\/2023\/09\/ankara-istanbul-nakliye-tasima-300x300.jpg\" alt=\"ankara istanbul nakliye ta\u015f\u0131ma\" width=\"300\" height=\"300\" srcset=\"https:\/\/ankaranakliyeambar.com\/wp-content\/uploads\/2023\/09\/ankara-istanbul-nakliye-tasima-300x300.jpg 300w, https:\/\/ankaranakliyeambar.com\/wp-content\/uploads\/2023\/09\/ankara-istanbul-nakliye-tasima-150x150.jpg 150w, https:\/\/ankaranakliyeambar.com\/wp-content\/uploads\/2023\/09\/ankara-istanbul-nakliye-tasima.jpg 700w\" sizes=\"auto, (max-width: 300px) 100vw, 300px\" \/><\/p>\n<h2>Ankara \u0130stanbul Nakliye<\/h2>\n<p><strong>Ankara \u0130stanbul Nakliye<\/strong> hizmetimizle, evden eve e\u015fya ta\u015f\u0131ma, evden eve nakliye, \u015fehirler aras\u0131 nakliye ve parsiyel y\u00fck ta\u015f\u0131ma i\u00e7in nakliyat firmas\u0131 ar\u0131yorsan, e\u015fyalar\u0131n\u0131z\u0131, y\u00fcklerinizi g\u00fcvenle ve zaman\u0131nda ta\u015f\u0131d\u0131\u011f\u0131m\u0131z\u0131 s\u00f6yl\u00fcyoruz. Nakliyat firmas\u0131 arayanlar, bazen e\u015fyalar\u0131n\u0131n tamam\u0131n\u0131 de\u011fil de birka\u00e7\u0131n\u0131 ta\u015f\u0131mak da isteyebilirler. Par\u00e7a e\u015fya ta\u015f\u0131mac\u0131l\u0131\u011f\u0131 ve \u015fehirler aras\u0131 e\u015fya ta\u015f\u0131mac\u0131l\u0131\u011f\u0131 hizmetimizle e\u015fyalar\u0131n\u0131z\u0131 g\u00fcvenle Ankara \u0130stanbul nakliye hizmetimizle g\u00f6t\u00fcr\u00fcyoruz. En ekonomik ve g\u00fcvenli \u015fekilde e\u015fyalar\u0131n\u0131z\u0131 ta\u015f\u0131yoruz.<\/p>\n<h2>Ankara \u0130stanbul Nakliye<\/h2>\n<p>Ankara&#8217;dan \u0130stanbul&#8217;a ve \u0130stanbul\u2019dan Ankara\u2019ya, iki \u015fehir aras\u0131ndaki g\u00fczergaha veya iki \u015fehre yak\u0131n \u015fehirlerden birine, e\u015fyalar\u0131n\u0131n y\u00fcklerinin g\u00fcvenle ta\u015f\u0131nmas\u0131n\u0131 isteyen, g\u00fcvenilir nakliyat firmas\u0131 arayanlar, ge\u00e7mi\u015ften gelen tecr\u00fcbemizle, profesyonel \u015fof\u00f6rlerimizle <strong>Ankara \u0130stanbul Nakliye<\/strong> hizmetimizi sizlere sunmaktay\u0131z.<\/p>\n<p>E\u015fyalar\u0131n\u0131z\u0131n ara\u00e7lara y\u00fcklenirken veya nakliye a\u015famas\u0131ndayken, g\u00fcvenli bir \u015fekilde ta\u015f\u0131nmas\u0131 gerekmektedir. E\u015fyalar\u0131n\u0131z\u0131n zarar g\u00f6rmemesi i\u00e7in de kesinlikle do\u011fru bir \u015fekilde paketlenmesi gerekir.<\/p>\n<p><strong>Ankara \u0130stanbul Nakliye <\/strong>hizmetimizle, sizlere Ankara&#8217;dan \u0130stanbul\u2019a, \u0130stanbul b\u00f6lgesinden \u0130stanbul&#8217;a yak\u0131n olan \u015fehirlere; evden eve nakliyat, parsiyel y\u00fck komple y\u00fck ta\u015f\u0131ma, piyano ta\u015f\u0131ma, paketleme, depolama, nakliye ambar\u0131, ofis b\u00fcro ta\u015f\u0131ma, malzeme ta\u015f\u0131ma, para kasas\u0131 ta\u015f\u0131ma, par\u00e7a ev e\u015fyas\u0131 ta\u015f\u0131ma, \u015fehir i\u00e7i \u015fehirler aras\u0131 ta\u015f\u0131ma gibi nakliyat hizmetleri vermekteyiz.<\/p>\n<p>E\u015fyalar\u0131n\u0131z\u0131 g\u00fcvenle ta\u015f\u0131mak i\u00e7in \u00f6zel ambalaj malzemeleri kullan\u0131yor, do\u011fru ve g\u00fcvenli bir \u015fekilde paketlemesini yap\u0131yor, kolilere ve ambalajlara yerle\u015ftiriyoruz.<\/p>\n<h3><strong>Nakliye Ta\u015f\u0131ma Hesaplamalar\u0131<\/strong><\/h3>\n<p>Herhangi bir nakliyat hizmeti almak isteyenler i\u00e7in fiyatlarlar da \u00f6nemlidir. Bu nedenle, firmalar aras\u0131nda en ekonomik fiyat\u0131 almak istemeleri de en do\u011fal haklar\u0131d\u0131r.<\/p>\n<p>Y\u00fck\u00fcn\u00fcz\u00fcn a\u011f\u0131rl\u0131\u011f\u0131 ve hacminin yan\u0131 s\u0131ra km\/yol \u00fczerinden de fiyatlar belirlenir, fiyatlar aras\u0131nda farkl\u0131l\u0131k olabilir. Y\u00fcklerinizi ya kap\u0131n\u0131zdan al\u0131yoruz ya da depolar\u0131m\u0131zdan ara\u00e7lar\u0131m\u0131za y\u00fckl\u00fcyoruz. Ara\u00e7lar\u0131m\u0131za y\u00fck ve e\u015fyalar\u0131n\u0131z\u0131 y\u00fcklerken ve indirirken en hassas bir \u015fekilde ve dikkatlice davran\u0131yor, \u00f6nlemimizi al\u0131yoruz.<\/p>\n<p>Kuruldu\u011fumuz g\u00fcnden bug\u00fcne, sizlere, kaliteli, h\u0131zl\u0131 ve her \u015feyden \u00f6nemlisi g\u00fcvenli hizmet sunuyoruz.<\/p>\n<p>G\u00f6sterdi\u011fimiz i\u015f disiplinimizle, gece g\u00fcnd\u00fcz yollardaki tecr\u00fcbemizle, ta\u015f\u0131ma ve nakliye sekt\u00f6r\u00fcndeki i\u015fimizi, en do\u011fru \u015fekilde; h\u0131zl\u0131, g\u00fcvenilir ve m\u00fc\u015fteri memnuniyetini en \u00f6nde tutarak yap\u0131yoruz. Bu y\u00fczden kalitemizi, m\u00fc\u015fterilerimizdeki memnuniyetten al\u0131yoruz.<\/p>\n<h4><strong>Neden Biz?<\/strong><\/h4>\n<p>Nakliyat hizmeti veren firmam\u0131z, geni\u015f ta\u015f\u0131mac\u0131l\u0131k a\u011f\u0131yla, e\u015fya ve y\u00fck ta\u015f\u0131mac\u0131l\u0131\u011f\u0131 konusunda sizlere \u00e7\u00f6z\u00fcmlerini sunmaktad\u0131r. Kargo firmalar\u0131n\u0131n y\u00fcksek fiyata ta\u015f\u0131d\u0131\u011f\u0131 y\u00fckleri, biz \u00e7ok daha uygun fiyatlara g\u00f6t\u00fcr\u00fcyoruz.<\/p>\n<p><strong>Ankara \u0130stanbul<\/strong> aras\u0131 ta\u015f\u0131mac\u0131l\u0131kta uzman olarak, par\u00e7a e\u015fya ta\u015f\u0131ma konusunda da sizlere kolayl\u0131k sa\u011fl\u0131yoruz. G\u00fcn\u00fcm\u00fczdeki nakliye ve kargo fiyatlar\u0131na g\u00f6re\u00a0 daha ekonomik ve daha modern ara\u00e7lara sahibiz. Evinizden veya depolar\u0131m\u0131zdan y\u00fckleyerek <strong>Ankara\u2019ya veya \u0130stanbul\u2019a <\/strong>y\u00fcklerinizi g\u00fcvenle ta\u015f\u0131yoruz. Dolay\u0131s\u0131yla arad\u0131\u011f\u0131n her \u015fart\u0131 sa\u011fl\u0131yoruz. Siz de Ankara veya \u0130stanbul\u2019a benzer \u015fekilde e\u015fyalar\u0131n\u0131z\u0131 y\u00fcklerinizi ta\u015f\u0131tmak istiyorsan\u0131z bize <a href=\"https:\/\/ankaranakliyeambar.com\/\"><em>ileti\u015fim sayfam\u0131zdan ula\u015f\u0131n.<\/em><\/a><\/p>\n<p><img loading=\"lazy\" decoding=\"async\" class=\"alignnone wp-image-3524 size-medium\" src=\"https:\/\/ankaranakliyeambar.com\/wp-content\/uploads\/2023\/09\/ankara-istanbul-nakliyeci-300x300.jpg\" alt=\"ankara istanbul nakliyeci\" width=\"300\" height=\"300\" srcset=\"https:\/\/ankaranakliyeambar.com\/wp-content\/uploads\/2023\/09\/ankara-istanbul-nakliyeci-300x300.jpg 300w, https:\/\/ankaranakliyeambar.com\/wp-content\/uploads\/2023\/09\/ankara-istanbul-nakliyeci-150x150.jpg 150w, https:\/\/ankaranakliyeambar.com\/wp-content\/uploads\/2023\/09\/ankara-istanbul-nakliyeci.jpg 700w\" sizes=\"auto, (max-width: 300px) 100vw, 300px\" \/> <img loading=\"lazy\" decoding=\"async\" class=\"alignnone wp-image-3525 size-medium\" src=\"https:\/\/ankaranakliyeambar.com\/wp-content\/uploads\/2023\/09\/ankara-istanbul-tasima-300x300.jpg\" alt=\"ankara istanbul ta\u015f\u0131ma\" width=\"300\" height=\"300\" srcset=\"https:\/\/ankaranakliyeambar.com\/wp-content\/uploads\/2023\/09\/ankara-istanbul-tasima-300x300.jpg 300w, https:\/\/ankaranakliyeambar.com\/wp-content\/uploads\/2023\/09\/ankara-istanbul-tasima-150x150.jpg 150w, https:\/\/ankaranakliyeambar.com\/wp-content\/uploads\/2023\/09\/ankara-istanbul-tasima.jpg 700w\" sizes=\"auto, (max-width: 300px) 100vw, 300px\" \/> <img loading=\"lazy\" decoding=\"async\" class=\"alignnone wp-image-3526 size-medium\" src=\"https:\/\/ankaranakliyeambar.com\/wp-content\/uploads\/2023\/09\/ankara-istanbul-esya-tasima-300x300.jpg\" alt=\"ankara istanbul e\u015fya ta\u015f\u0131ma\" width=\"300\" height=\"300\" srcset=\"https:\/\/ankaranakliyeambar.com\/wp-content\/uploads\/2023\/09\/ankara-istanbul-esya-tasima-300x300.jpg 300w, https:\/\/ankaranakliyeambar.com\/wp-content\/uploads\/2023\/09\/ankara-istanbul-esya-tasima-150x150.jpg 150w, https:\/\/ankaranakliyeambar.com\/wp-content\/uploads\/2023\/09\/ankara-istanbul-esya-tasima.jpg 700w\" sizes=\"auto, (max-width: 300px) 100vw, 300px\" \/><\/p>\n","protected":false},"excerpt":{"rendered":"<p>\u00a0 Ankara \u0130stanbul Nakliye Ankara \u0130stanbul Nakliye hizmetimizle, evden eve e\u015fya ta\u015f\u0131ma, evden eve nakliye, \u015fehirler aras\u0131 nakliye ve parsiyel y\u00fck ta\u015f\u0131ma i\u00e7in nakliyat firmas\u0131 ar\u0131yorsan, e\u015fyalar\u0131n\u0131z\u0131, y\u00fcklerinizi g\u00fcvenle ve zaman\u0131nda ta\u015f\u0131d\u0131\u011f\u0131m\u0131z\u0131 s\u00f6yl\u00fcyoruz. Nakliyat firmas\u0131 arayanlar, bazen e\u015fyalar\u0131n\u0131n tamam\u0131n\u0131 de\u011fil de birka\u00e7\u0131n\u0131 ta\u015f\u0131mak da isteyebilirler. Par\u00e7a e\u015fya ta\u015f\u0131mac\u0131l\u0131\u011f\u0131 ve \u015fehirler aras\u0131 e\u015fya ta\u015f\u0131mac\u0131l\u0131\u011f\u0131 hizmetimizle e\u015fyalar\u0131n\u0131z\u0131 [&hellip;]<\/p>\n","protected":false},"author":1,"featured_media":0,"parent":0,"menu_order":0,"comment_status":"closed","ping_status":"closed","template":"","meta":{"_joinchat":[],"footnotes":""},"class_list":["post-3517","page","type-page","status-publish","hentry"],"yoast_head":"<!-- This site is optimized with the Yoast SEO plugin v24.9 - https:\/\/yoast.com\/wordpress\/plugins\/seo\/ -->\n<title>Ankara \u0130stanbul Nakliye Ambar\u0131<\/title>\n<meta name=\"description\" content=\"ankara istanbul nakliye, ankara istanbul evden eve nakliye, evden eve ta\u015f\u0131ma ankara istanbul parsiyel y\u00fck ta\u015f\u0131mac\u0131l\u0131\u011f\u0131\" \/>\n<meta name=\"robots\" content=\"index, follow, max-snippet:-1, max-image-preview:large, max-video-preview:-1\" \/>\n<link rel=\"canonical\" href=\"https:\/\/ankaranakliyeambar.com\/?page_id=3517\" \/>\n<meta property=\"og:locale\" content=\"tr_TR\" \/>\n<meta property=\"og:type\" content=\"article\" \/>\n<meta property=\"og:title\" content=\"Ankara \u0130stanbul Nakliye Ambar\u0131\" \/>\n<meta property=\"og:description\" content=\"ankara istanbul nakliye, ankara istanbul evden eve nakliye, evden eve ta\u015f\u0131ma ankara istanbul parsiyel y\u00fck ta\u015f\u0131mac\u0131l\u0131\u011f\u0131\" \/>\n<meta property=\"og:url\" content=\"https:\/\/ankaranakliyeambar.com\/?page_id=3517\" \/>\n<meta property=\"og:site_name\" content=\"Ankara Nakliye Ambar\u0131\" \/>\n<meta property=\"article:modified_time\" content=\"2026-04-20T14:01:30+00:00\" \/>\n<meta property=\"og:image\" content=\"https:\/\/ankaranakliyeambar.com\/wp-content\/uploads\/2023\/09\/ankara-istanbul-nakliye-ambar.jpg\" \/>\n\t<meta property=\"og:image:width\" content=\"700\" \/>\n\t<meta property=\"og:image:height\" content=\"700\" \/>\n\t<meta property=\"og:image:type\" content=\"image\/jpeg\" \/>\n<meta name=\"twitter:card\" content=\"summary_large_image\" \/>\n<meta name=\"twitter:label1\" content=\"Tahmini okuma s\u00fcresi\" \/>\n\t<meta name=\"twitter:data1\" content=\"4 dakika\" \/>\n<script type=\"application\/ld+json\" class=\"yoast-schema-graph\">{\"@context\":\"https:\/\/schema.org\",\"@graph\":[{\"@type\":\"WebPage\",\"@id\":\"https:\/\/ankaranakliyeambar.com\/?page_id=3517\",\"url\":\"https:\/\/ankaranakliyeambar.com\/?page_id=3517\",\"name\":\"Ankara \u0130stanbul Nakliye Ambar\u0131\",\"isPartOf\":{\"@id\":\"https:\/\/ankaranakliyeambar.com\/#website\"},\"primaryImageOfPage\":{\"@id\":\"https:\/\/ankaranakliyeambar.com\/?page_id=3517#primaryimage\"},\"image\":{\"@id\":\"https:\/\/ankaranakliyeambar.com\/?page_id=3517#primaryimage\"},\"thumbnailUrl\":\"https:\/\/ankaranakliyeambar.com\/wp-content\/uploads\/2023\/09\/ankara-istanbul-nakliye-ambar-300x300.jpg\",\"datePublished\":\"2023-09-22T17:14:30+00:00\",\"dateModified\":\"2026-04-20T14:01:30+00:00\",\"description\":\"ankara istanbul nakliye, ankara istanbul evden eve nakliye, evden eve ta\u015f\u0131ma ankara istanbul parsiyel y\u00fck ta\u015f\u0131mac\u0131l\u0131\u011f\u0131\",\"breadcrumb\":{\"@id\":\"https:\/\/ankaranakliyeambar.com\/?page_id=3517#breadcrumb\"},\"inLanguage\":\"tr\",\"potentialAction\":[{\"@type\":\"ReadAction\",\"target\":[\"https:\/\/ankaranakliyeambar.com\/?page_id=3517\"]}]},{\"@type\":\"ImageObject\",\"inLanguage\":\"tr\",\"@id\":\"https:\/\/ankaranakliyeambar.com\/?page_id=3517#primaryimage\",\"url\":\"https:\/\/ankaranakliyeambar.com\/wp-content\/uploads\/2023\/09\/ankara-istanbul-nakliye-ambar.jpg\",\"contentUrl\":\"https:\/\/ankaranakliyeambar.com\/wp-content\/uploads\/2023\/09\/ankara-istanbul-nakliye-ambar.jpg\",\"width\":700,\"height\":700,\"caption\":\"PARS\u0130YEL VE PAR\u00c7A TA\u015eIMACILI\u011eI\"},{\"@type\":\"BreadcrumbList\",\"@id\":\"https:\/\/ankaranakliyeambar.com\/?page_id=3517#breadcrumb\",\"itemListElement\":[{\"@type\":\"ListItem\",\"position\":1,\"name\":\"Ana sayfa\",\"item\":\"https:\/\/ankaranakliyeambar.com\/\"},{\"@type\":\"ListItem\",\"position\":2,\"name\":\"Ankara \u0130stanbul Nakliye Ambar\u0131\"}]},{\"@type\":\"WebSite\",\"@id\":\"https:\/\/ankaranakliyeambar.com\/#website\",\"url\":\"https:\/\/ankaranakliyeambar.com\/\",\"name\":\"Ankara Nakliye Ambar\u0131\",\"description\":\"\u015eehirler Aras\u0131 Ambar ve Nakliye Hizmeti\",\"publisher\":{\"@id\":\"https:\/\/ankaranakliyeambar.com\/#organization\"},\"potentialAction\":[{\"@type\":\"SearchAction\",\"target\":{\"@type\":\"EntryPoint\",\"urlTemplate\":\"https:\/\/ankaranakliyeambar.com\/?s={search_term_string}\"},\"query-input\":{\"@type\":\"PropertyValueSpecification\",\"valueRequired\":true,\"valueName\":\"search_term_string\"}}],\"inLanguage\":\"tr\"},{\"@type\":\"Organization\",\"@id\":\"https:\/\/ankaranakliyeambar.com\/#organization\",\"name\":\"Ankara Nakliye Ambar\u0131\",\"url\":\"https:\/\/ankaranakliyeambar.com\/\",\"logo\":{\"@type\":\"ImageObject\",\"inLanguage\":\"tr\",\"@id\":\"https:\/\/ankaranakliyeambar.com\/#\/schema\/logo\/image\/\",\"url\":\"https:\/\/ankaranakliyeambar.com\/wp-content\/uploads\/2022\/01\/cropped-a1b92b0b-fec8-42d3-9080-48b586dbb340.jpg\",\"contentUrl\":\"https:\/\/ankaranakliyeambar.com\/wp-content\/uploads\/2022\/01\/cropped-a1b92b0b-fec8-42d3-9080-48b586dbb340.jpg\",\"width\":1599,\"height\":317,\"caption\":\"Ankara Nakliye Ambar\u0131\"},\"image\":{\"@id\":\"https:\/\/ankaranakliyeambar.com\/#\/schema\/logo\/image\/\"}}]}<\/script>\n<!-- \/ Yoast SEO plugin. -->","yoast_head_json":{"title":"Ankara \u0130stanbul Nakliye Ambar\u0131","description":"ankara istanbul nakliye, ankara istanbul evden eve nakliye, evden eve ta\u015f\u0131ma ankara istanbul parsiyel y\u00fck ta\u015f\u0131mac\u0131l\u0131\u011f\u0131","robots":{"index":"index","follow":"follow","max-snippet":"max-snippet:-1","max-image-preview":"max-image-preview:large","max-video-preview":"max-video-preview:-1"},"canonical":"https:\/\/ankaranakliyeambar.com\/?page_id=3517","og_locale":"tr_TR","og_type":"article","og_title":"Ankara \u0130stanbul Nakliye Ambar\u0131","og_description":"ankara istanbul nakliye, ankara istanbul evden eve nakliye, evden eve ta\u015f\u0131ma ankara istanbul parsiyel y\u00fck ta\u015f\u0131mac\u0131l\u0131\u011f\u0131","og_url":"https:\/\/ankaranakliyeambar.com\/?page_id=3517","og_site_name":"Ankara Nakliye Ambar\u0131","article_modified_time":"2026-04-20T14:01:30+00:00","og_image":[{"width":700,"height":700,"url":"https:\/\/ankaranakliyeambar.com\/wp-content\/uploads\/2023\/09\/ankara-istanbul-nakliye-ambar.jpg","type":"image\/jpeg"}],"twitter_card":"summary_large_image","twitter_misc":{"Tahmini okuma s\u00fcresi":"4 dakika"},"schema":{"@context":"https:\/\/schema.org","@graph":[{"@type":"WebPage","@id":"https:\/\/ankaranakliyeambar.com\/?page_id=3517","url":"https:\/\/ankaranakliyeambar.com\/?page_id=3517","name":"Ankara \u0130stanbul Nakliye Ambar\u0131","isPartOf":{"@id":"https:\/\/ankaranakliyeambar.com\/#website"},"primaryImageOfPage":{"@id":"https:\/\/ankaranakliyeambar.com\/?page_id=3517#primaryimage"},"image":{"@id":"https:\/\/ankaranakliyeambar.com\/?page_id=3517#primaryimage"},"thumbnailUrl":"https:\/\/ankaranakliyeambar.com\/wp-content\/uploads\/2023\/09\/ankara-istanbul-nakliye-ambar-300x300.jpg","datePublished":"2023-09-22T17:14:30+00:00","dateModified":"2026-04-20T14:01:30+00:00","description":"ankara istanbul nakliye, ankara istanbul evden eve nakliye, evden eve ta\u015f\u0131ma ankara istanbul parsiyel y\u00fck ta\u015f\u0131mac\u0131l\u0131\u011f\u0131","breadcrumb":{"@id":"https:\/\/ankaranakliyeambar.com\/?page_id=3517#breadcrumb"},"inLanguage":"tr","potentialAction":[{"@type":"ReadAction","target":["https:\/\/ankaranakliyeambar.com\/?page_id=3517"]}]},{"@type":"ImageObject","inLanguage":"tr","@id":"https:\/\/ankaranakliyeambar.com\/?page_id=3517#primaryimage","url":"https:\/\/ankaranakliyeambar.com\/wp-content\/uploads\/2023\/09\/ankara-istanbul-nakliye-ambar.jpg","contentUrl":"https:\/\/ankaranakliyeambar.com\/wp-content\/uploads\/2023\/09\/ankara-istanbul-nakliye-ambar.jpg","width":700,"height":700,"caption":"PARS\u0130YEL VE PAR\u00c7A TA\u015eIMACILI\u011eI"},{"@type":"BreadcrumbList","@id":"https:\/\/ankaranakliyeambar.com\/?page_id=3517#breadcrumb","itemListElement":[{"@type":"ListItem","position":1,"name":"Ana sayfa","item":"https:\/\/ankaranakliyeambar.com\/"},{"@type":"ListItem","position":2,"name":"Ankara \u0130stanbul Nakliye Ambar\u0131"}]},{"@type":"WebSite","@id":"https:\/\/ankaranakliyeambar.com\/#website","url":"https:\/\/ankaranakliyeambar.com\/","name":"Ankara Nakliye Ambar\u0131","description":"\u015eehirler Aras\u0131 Ambar ve Nakliye Hizmeti","publisher":{"@id":"https:\/\/ankaranakliyeambar.com\/#organization"},"potentialAction":[{"@type":"SearchAction","target":{"@type":"EntryPoint","urlTemplate":"https:\/\/ankaranakliyeambar.com\/?s={search_term_string}"},"query-input":{"@type":"PropertyValueSpecification","valueRequired":true,"valueName":"search_term_string"}}],"inLanguage":"tr"},{"@type":"Organization","@id":"https:\/\/ankaranakliyeambar.com\/#organization","name":"Ankara Nakliye Ambar\u0131","url":"https:\/\/ankaranakliyeambar.com\/","logo":{"@type":"ImageObject","inLanguage":"tr","@id":"https:\/\/ankaranakliyeambar.com\/#\/schema\/logo\/image\/","url":"https:\/\/ankaranakliyeambar.com\/wp-content\/uploads\/2022\/01\/cropped-a1b92b0b-fec8-42d3-9080-48b586dbb340.jpg","contentUrl":"https:\/\/ankaranakliyeambar.com\/wp-content\/uploads\/2022\/01\/cropped-a1b92b0b-fec8-42d3-9080-48b586dbb340.jpg","width":1599,"height":317,"caption":"Ankara Nakliye Ambar\u0131"},"image":{"@id":"https:\/\/ankaranakliyeambar.com\/#\/schema\/logo\/image\/"}}]}},"_links":{"self":[{"href":"https:\/\/ankaranakliyeambar.com\/index.php?rest_route=\/wp\/v2\/pages\/3517","targetHints":{"allow":["GET"]}}],"collection":[{"href":"https:\/\/ankaranakliyeambar.com\/index.php?rest_route=\/wp\/v2\/pages"}],"about":[{"href":"https:\/\/ankaranakliyeambar.com\/index.php?rest_route=\/wp\/v2\/types\/page"}],"author":[{"embeddable":true,"href":"https:\/\/ankaranakliyeambar.com\/index.php?rest_route=\/wp\/v2\/users\/1"}],"replies":[{"embeddable":true,"href":"https:\/\/ankaranakliyeambar.com\/index.php?rest_route=%2Fwp%2Fv2%2Fcomments&post=3517"}],"version-history":[{"count":6,"href":"https:\/\/ankaranakliyeambar.com\/index.php?rest_route=\/wp\/v2\/pages\/3517\/revisions"}],"predecessor-version":[{"id":4011,"href":"https:\/\/ankaranakliyeambar.com\/index.php?rest_route=\/wp\/v2\/pages\/3517\/revisions\/4011"}],"wp:attachment":[{"href":"https:\/\/ankaranakliyeambar.com\/index.php?rest_route=%2Fwp%2Fv2%2Fmedia&parent=3517"}],"curies":[{"name":"wp","href":"https:\/\/api.w.org\/{rel}","templated":true}]}}